{"id":1064,"date":"2023-11-01T14:31:15","date_gmt":"2023-11-01T13:31:15","guid":{"rendered":"https:\/\/curit.auxodev2.dk\/om-os\/"},"modified":"2026-03-30T11:57:10","modified_gmt":"2026-03-30T09:57:10","slug":"om-curit","status":"publish","type":"page","link":"https:\/\/curit.auxodev2.dk\/en\/om-curit\/","title":{"rendered":"Om Curit"},"content":{"rendered":"<div data-elementor-type=\"wp-post\" data-elementor-id=\"1064\" class=\"elementor elementor-1064\" data-elementor-post-type=\"page\">\n\t\t\t\t<div class=\"elementor-element elementor-element-eaf8c86 e-flex e-con-boxed e-con e-child\" data-id=\"eaf8c86\" data-element_type=\"container\" data-e-type=\"container\" data-settings=\"{&quot;background_background&quot;:&quot;classic&quot;}\">\n\t\t\t\t\t<div class=\"e-con-inner\">\n\t\t\t\t<div class=\"elementor-element elementor-element-f0cc22c elementor-invisible elementor-widget elementor-widget-heading\" data-id=\"f0cc22c\" data-element_type=\"widget\" data-e-type=\"widget\" data-settings=\"{&quot;_animation&quot;:&quot;fadeIn&quot;,&quot;_animation_delay&quot;:300}\" data-widget_type=\"heading.default\">\n\t\t\t\t<div class=\"elementor-widget-container\">\n\t\t\t\t\t<h5 class=\"elementor-heading-title elementor-size-default\">Vi arbejder med implementering, optimering og drift af IFS \u2013 med udgangspunkt i kundens forretning og hverdag.<\/h5>\t\t\t\t<\/div>\n\t\t\t\t<\/div>\n\t\t\t\t\t<\/div>\n\t\t\t\t<\/div>\n\t\t<div class=\"elementor-element elementor-element-0fb56af e-flex e-con-boxed e-con e-parent\" data-id=\"0fb56af\" data-element_type=\"container\" data-e-type=\"container\" data-settings=\"{&quot;background_background&quot;:&quot;classic&quot;}\">\n\t\t\t\t\t<div class=\"e-con-inner\">\n\t\t<div class=\"elementor-element elementor-element-dc28451 e-con-full e-flex elementor-invisible e-con e-child\" data-id=\"dc28451\" data-element_type=\"container\" data-e-type=\"container\" data-settings=\"{&quot;animation&quot;:&quot;fadeInLeft&quot;}\">\n\t\t\t\t<div class=\"elementor-element elementor-element-4bee86f elementor-widget elementor-widget-image\" data-id=\"4bee86f\" data-element_type=\"widget\" data-e-type=\"widget\" data-widget_type=\"image.default\">\n\t\t\t\t<div class=\"elementor-widget-container\">\n\t\t\t\t\t\t\t\t\t\t\t\t\t\t\t<img fetchpriority=\"high\" decoding=\"async\" width=\"2048\" height=\"1365\" src=\"https:\/\/curit.auxodev2.dk\/wp-content\/uploads\/Curit_stemning_dag2-028-scaled.jpg\" class=\"attachment-full size-full wp-image-3065\" alt=\"\" srcset=\"https:\/\/curit.auxodev2.dk\/wp-content\/uploads\/Curit_stemning_dag2-028-scaled.jpg 2048w, https:\/\/curit.auxodev2.dk\/wp-content\/uploads\/Curit_stemning_dag2-028-300x200.jpg 300w, https:\/\/curit.auxodev2.dk\/wp-content\/uploads\/Curit_stemning_dag2-028-1024x683.jpg 1024w, https:\/\/curit.auxodev2.dk\/wp-content\/uploads\/Curit_stemning_dag2-028-768x512.jpg 768w, https:\/\/curit.auxodev2.dk\/wp-content\/uploads\/Curit_stemning_dag2-028-1536x1024.jpg 1536w, https:\/\/curit.auxodev2.dk\/wp-content\/uploads\/Curit_stemning_dag2-028-18x12.jpg 18w\" sizes=\"(max-width: 2048px) 100vw, 2048px\" \/>\t\t\t\t\t\t\t\t\t\t\t\t\t\t\t<\/div>\n\t\t\t\t<\/div>\n\t\t\t\t<\/div>\n\t\t<div class=\"elementor-element elementor-element-e2ce232 e-con-full e-flex elementor-invisible e-con e-child\" data-id=\"e2ce232\" data-element_type=\"container\" data-e-type=\"container\" data-settings=\"{&quot;animation&quot;:&quot;fadeInRight&quot;}\">\n\t\t\t\t<div class=\"elementor-element elementor-element-98dee20 elementor-widget elementor-widget-heading\" data-id=\"98dee20\" data-element_type=\"widget\" data-e-type=\"widget\" data-widget_type=\"heading.default\">\n\t\t\t\t<div class=\"elementor-widget-container\">\n\t\t\t\t\t<h2 class=\"elementor-heading-title elementor-size-default\">IFS-specialister med fokus p\u00e5 praksis<\/h2>\t\t\t\t<\/div>\n\t\t\t\t<\/div>\n\t\t\t\t<div class=\"elementor-element elementor-element-6d31bea elementor-widget elementor-widget-text-editor\" data-id=\"6d31bea\" data-element_type=\"widget\" data-e-type=\"widget\" data-widget_type=\"text-editor.default\">\n\t\t\t\t<div class=\"elementor-widget-container\">\n\t\t\t\t\t\t\t\t\t<p>Curit er et konsulenthus med speciale i det svenske system IFS. Virksomheden blev etableret i 2003 af Aase Steffensen og Carsten Kaaber med afs\u00e6t i deres egen erfaring fra IFS Denmark.\u00a0<\/p><p>Siden da har Curit arbejdet 100% dedikeret til IFS og vi arbejder med implementering, optimering og drift af IFS-l\u00f8sninger for danske virksomheder, hvor ERP systemet er en central del af forretningen.<\/p>\t\t\t\t\t\t\t\t<\/div>\n\t\t\t\t<\/div>\n\t\t\t\t<div class=\"elementor-element elementor-element-1f6e35e elementor-widget elementor-widget-button\" data-id=\"1f6e35e\" data-element_type=\"widget\" data-e-type=\"widget\" data-widget_type=\"button.default\">\n\t\t\t\t<div class=\"elementor-widget-container\">\n\t\t\t\t\t\t\t\t\t<div class=\"elementor-button-wrapper\">\n\t\t\t\t\t<a class=\"elementor-button elementor-button-link elementor-size-sm\" href=\"https:\/\/curit.auxodev2.dk\/en\/kontakt\/\">\n\t\t\t\t\t\t<span class=\"elementor-button-content-wrapper\">\n\t\t\t\t\t\t\t\t\t<span class=\"elementor-button-text\">Kontakt os<\/span>\n\t\t\t\t\t<\/span>\n\t\t\t\t\t<\/a>\n\t\t\t\t<\/div>\n\t\t\t\t\t\t\t\t<\/div>\n\t\t\t\t<\/div>\n\t\t\t\t<\/div>\n\t\t\t\t\t<\/div>\n\t\t\t\t<\/div>\n\t\t<div class=\"elementor-element elementor-element-cd87b1c e-flex e-con-boxed e-con e-parent\" data-id=\"cd87b1c\" data-element_type=\"container\" data-e-type=\"container\" data-settings=\"{&quot;background_background&quot;:&quot;classic&quot;}\">\n\t\t\t\t\t<div class=\"e-con-inner\">\n\t\t<div class=\"elementor-element elementor-element-751b26c e-con-full e-flex elementor-invisible e-con e-child\" data-id=\"751b26c\" data-element_type=\"container\" data-e-type=\"container\" data-settings=\"{&quot;animation&quot;:&quot;fadeInLeft&quot;}\">\n\t\t\t\t<div class=\"elementor-element elementor-element-f226d49 elementor-widget elementor-widget-image\" data-id=\"f226d49\" data-element_type=\"widget\" data-e-type=\"widget\" data-widget_type=\"image.default\">\n\t\t\t\t<div class=\"elementor-widget-container\">\n\t\t\t\t\t\t\t\t\t\t\t\t\t\t\t<img decoding=\"async\" width=\"2048\" height=\"1365\" src=\"https:\/\/curit.auxodev2.dk\/wp-content\/uploads\/Curit_stemning_dag2-092-scaled.jpg\" class=\"attachment-full size-full wp-image-3074\" alt=\"\" srcset=\"https:\/\/curit.auxodev2.dk\/wp-content\/uploads\/Curit_stemning_dag2-092-scaled.jpg 2048w, https:\/\/curit.auxodev2.dk\/wp-content\/uploads\/Curit_stemning_dag2-092-300x200.jpg 300w, https:\/\/curit.auxodev2.dk\/wp-content\/uploads\/Curit_stemning_dag2-092-1024x683.jpg 1024w, https:\/\/curit.auxodev2.dk\/wp-content\/uploads\/Curit_stemning_dag2-092-768x512.jpg 768w, https:\/\/curit.auxodev2.dk\/wp-content\/uploads\/Curit_stemning_dag2-092-1536x1024.jpg 1536w, https:\/\/curit.auxodev2.dk\/wp-content\/uploads\/Curit_stemning_dag2-092-18x12.jpg 18w\" sizes=\"(max-width: 2048px) 100vw, 2048px\" \/>\t\t\t\t\t\t\t\t\t\t\t\t\t\t\t<\/div>\n\t\t\t\t<\/div>\n\t\t\t\t<\/div>\n\t\t<div class=\"elementor-element elementor-element-3fd4af7 e-con-full e-flex elementor-invisible e-con e-child\" data-id=\"3fd4af7\" data-element_type=\"container\" data-e-type=\"container\" data-settings=\"{&quot;animation&quot;:&quot;fadeInRight&quot;}\">\n\t\t\t\t<div class=\"elementor-element elementor-element-5864cd2 elementor-widget elementor-widget-heading\" data-id=\"5864cd2\" data-element_type=\"widget\" data-e-type=\"widget\" data-widget_type=\"heading.default\">\n\t\t\t\t<div class=\"elementor-widget-container\">\n\t\t\t\t\t<h2 class=\"elementor-heading-title elementor-size-default\">Specialiseret i IFS siden 2003<\/h2>\t\t\t\t<\/div>\n\t\t\t\t<\/div>\n\t\t\t\t<div class=\"elementor-element elementor-element-3d1d519 elementor-widget elementor-widget-text-editor\" data-id=\"3d1d519\" data-element_type=\"widget\" data-e-type=\"widget\" data-widget_type=\"text-editor.default\">\n\t\t\t\t<div class=\"elementor-widget-container\">\n\t\t\t\t\t\t\t\t\t<p>Curit er et specialisthus med fokus p\u00e5 IFS og en dyb forst\u00e5else for de forretningsprocesser, systemet underst\u00f8tter. Vi arbejder prim\u00e6rt med virksomheder i dansk industri, hvor kravene til ERP er komplekse, og hvor l\u00f8sningen skal fungere stabilt i den daglige drift.<\/p><p>I dag er vi mere end 40 konsulenter, hvoraf st\u00f8rstedelen er certificerede. Som IFS Gold Channel Partner arbejder vi p\u00e5 tv\u00e6rs af hele v\u00e6rdik\u00e6den \u2013 fra implementering og optimering til support og videreudvikling.<\/p><p>Vores tilgang er forretningsn\u00e6r og praktisk. Vi l\u00e6gger v\u00e6gt p\u00e5 l\u00f8sninger, der kan anvendes i hverdagen, og p\u00e5 samarbejder, hvor vi f\u00f8lger kunderne t\u00e6t \u2013 ogs\u00e5 efter go-live. For mange af vores kunder er ERP ikke blot et system, men en integreret del af forretningen, og det stiller krav til b\u00e5de kvalitet og forst\u00e5else<\/p>\t\t\t\t\t\t\t\t<\/div>\n\t\t\t\t<\/div>\n\t\t\t\t<\/div>\n\t\t\t\t\t<\/div>\n\t\t\t\t<\/div>\n\t\t\t\t<\/div>","protected":false},"excerpt":{"rendered":"<p>Vi arbejder med implementering, optimering og drift af IFS \u2013 med udgangspunkt i kundens forretning og hverdag. IFS-specialister med fokus p\u00e5 praksis Curit er et konsulenthus med speciale i det svenske system IFS. Virksomheden blev etableret i 2003 af Aase Steffensen og Carsten Kaaber med afs\u00e6t i deres egen erfaring fra IFS Denmark.\u00a0 Siden da [&hellip;]<\/p>\n","protected":false},"author":1,"featured_media":0,"parent":0,"menu_order":0,"comment_status":"closed","ping_status":"closed","template":"","meta":{"_acf_changed":false,"footnotes":""},"class_list":["post-1064","page","type-page","status-publish","hentry"],"acf":[],"yoast_head":"<!-- This site is optimized with the Yoast SEO plugin v27.3 - https:\/\/yoast.com\/product\/yoast-seo-wordpress\/ -->\n<title>Om Curit - Curit<\/title>\n<meta name=\"robots\" content=\"noindex, follow, max-snippet:-1, max-image-preview:large, max-video-preview:-1\" \/>\n<meta property=\"og:locale\" content=\"en_GB\" \/>\n<meta property=\"og:type\" content=\"article\" \/>\n<meta property=\"og:title\" content=\"Om Curit - Curit\" \/>\n<meta property=\"og:description\" content=\"Vi arbejder med implementering, optimering og drift af IFS \u2013 med udgangspunkt i kundens forretning og hverdag. IFS-specialister med fokus p\u00e5 praksis Curit er et konsulenthus med speciale i det svenske system IFS. Virksomheden blev etableret i 2003 af Aase Steffensen og Carsten Kaaber med afs\u00e6t i deres egen erfaring fra IFS Denmark.\u00a0 Siden da [&hellip;]\" \/>\n<meta property=\"og:url\" content=\"https:\/\/curit.auxodev2.dk\/en\/om-curit\/\" \/>\n<meta property=\"og:site_name\" content=\"Curit\" \/>\n<meta property=\"article:modified_time\" content=\"2026-03-30T09:57:10+00:00\" \/>\n<meta property=\"og:image\" content=\"https:\/\/curit.auxodev2.dk\/wp-content\/uploads\/Curit_stemning_dag2-028-scaled.jpg\" \/>\n\t<meta property=\"og:image:width\" content=\"2048\" \/>\n\t<meta property=\"og:image:height\" content=\"1365\" \/>\n\t<meta property=\"og:image:type\" content=\"image\/jpeg\" \/>\n<meta name=\"twitter:card\" content=\"summary_large_image\" \/>\n<meta name=\"twitter:label1\" content=\"Estimated reading time\" \/>\n\t<meta name=\"twitter:data1\" content=\"2 minutes\" \/>\n<script type=\"application\/ld+json\" class=\"yoast-schema-graph\">{\"@context\":\"https:\\\/\\\/schema.org\",\"@graph\":[{\"@type\":\"WebPage\",\"@id\":\"https:\\\/\\\/curit.auxodev2.dk\\\/om-curit\\\/\",\"url\":\"https:\\\/\\\/curit.auxodev2.dk\\\/om-curit\\\/\",\"name\":\"Om Curit - Curit\",\"isPartOf\":{\"@id\":\"https:\\\/\\\/curit.auxodev2.dk\\\/#website\"},\"primaryImageOfPage\":{\"@id\":\"https:\\\/\\\/curit.auxodev2.dk\\\/om-curit\\\/#primaryimage\"},\"image\":{\"@id\":\"https:\\\/\\\/curit.auxodev2.dk\\\/om-curit\\\/#primaryimage\"},\"thumbnailUrl\":\"https:\\\/\\\/curit.auxodev2.dk\\\/wp-content\\\/uploads\\\/Curit_stemning_dag2-028-scaled.jpg\",\"datePublished\":\"2023-11-01T13:31:15+00:00\",\"dateModified\":\"2026-03-30T09:57:10+00:00\",\"inLanguage\":\"en-GB\",\"potentialAction\":[{\"@type\":\"ReadAction\",\"target\":[\"https:\\\/\\\/curit.auxodev2.dk\\\/om-curit\\\/\"]}]},{\"@type\":\"ImageObject\",\"inLanguage\":\"en-GB\",\"@id\":\"https:\\\/\\\/curit.auxodev2.dk\\\/om-curit\\\/#primaryimage\",\"url\":\"https:\\\/\\\/curit.auxodev2.dk\\\/wp-content\\\/uploads\\\/Curit_stemning_dag2-028-scaled.jpg\",\"contentUrl\":\"https:\\\/\\\/curit.auxodev2.dk\\\/wp-content\\\/uploads\\\/Curit_stemning_dag2-028-scaled.jpg\"},{\"@type\":\"WebSite\",\"@id\":\"https:\\\/\\\/curit.auxodev2.dk\\\/#website\",\"url\":\"https:\\\/\\\/curit.auxodev2.dk\\\/\",\"name\":\"Curit\",\"description\":\"\",\"publisher\":{\"@id\":\"https:\\\/\\\/curit.auxodev2.dk\\\/#organization\"},\"potentialAction\":[{\"@type\":\"SearchAction\",\"target\":{\"@type\":\"EntryPoint\",\"urlTemplate\":\"https:\\\/\\\/curit.auxodev2.dk\\\/?s={search_term_string}\"},\"query-input\":{\"@type\":\"PropertyValueSpecification\",\"valueRequired\":true,\"valueName\":\"search_term_string\"}}],\"inLanguage\":\"en-GB\"},{\"@type\":\"Organization\",\"@id\":\"https:\\\/\\\/curit.auxodev2.dk\\\/#organization\",\"name\":\"Curit\",\"url\":\"https:\\\/\\\/curit.auxodev2.dk\\\/\",\"logo\":{\"@type\":\"ImageObject\",\"inLanguage\":\"en-GB\",\"@id\":\"https:\\\/\\\/curit.auxodev2.dk\\\/#\\\/schema\\\/logo\\\/image\\\/\",\"url\":\"https:\\\/\\\/curit.auxodev2.dk\\\/wp-content\\\/uploads\\\/curit-logo-sort.svg\",\"contentUrl\":\"https:\\\/\\\/curit.auxodev2.dk\\\/wp-content\\\/uploads\\\/curit-logo-sort.svg\",\"width\":272,\"height\":54,\"caption\":\"Curit\"},\"image\":{\"@id\":\"https:\\\/\\\/curit.auxodev2.dk\\\/#\\\/schema\\\/logo\\\/image\\\/\"}}]}<\/script>\n<!-- \/ Yoast SEO plugin. -->","yoast_head_json":{"title":"Om Curit - Curit","robots":{"index":"noindex","follow":"follow","max-snippet":"max-snippet:-1","max-image-preview":"max-image-preview:large","max-video-preview":"max-video-preview:-1"},"og_locale":"en_GB","og_type":"article","og_title":"Om Curit - Curit","og_description":"Vi arbejder med implementering, optimering og drift af IFS \u2013 med udgangspunkt i kundens forretning og hverdag. IFS-specialister med fokus p\u00e5 praksis Curit er et konsulenthus med speciale i det svenske system IFS. Virksomheden blev etableret i 2003 af Aase Steffensen og Carsten Kaaber med afs\u00e6t i deres egen erfaring fra IFS Denmark.\u00a0 Siden da [&hellip;]","og_url":"https:\/\/curit.auxodev2.dk\/en\/om-curit\/","og_site_name":"Curit","article_modified_time":"2026-03-30T09:57:10+00:00","og_image":[{"width":2048,"height":1365,"url":"https:\/\/curit.auxodev2.dk\/wp-content\/uploads\/Curit_stemning_dag2-028-scaled.jpg","type":"image\/jpeg"}],"twitter_card":"summary_large_image","twitter_misc":{"Estimated reading time":"2 minutes"},"schema":{"@context":"https:\/\/schema.org","@graph":[{"@type":"WebPage","@id":"https:\/\/curit.auxodev2.dk\/om-curit\/","url":"https:\/\/curit.auxodev2.dk\/om-curit\/","name":"Om Curit - Curit","isPartOf":{"@id":"https:\/\/curit.auxodev2.dk\/#website"},"primaryImageOfPage":{"@id":"https:\/\/curit.auxodev2.dk\/om-curit\/#primaryimage"},"image":{"@id":"https:\/\/curit.auxodev2.dk\/om-curit\/#primaryimage"},"thumbnailUrl":"https:\/\/curit.auxodev2.dk\/wp-content\/uploads\/Curit_stemning_dag2-028-scaled.jpg","datePublished":"2023-11-01T13:31:15+00:00","dateModified":"2026-03-30T09:57:10+00:00","inLanguage":"en-GB","potentialAction":[{"@type":"ReadAction","target":["https:\/\/curit.auxodev2.dk\/om-curit\/"]}]},{"@type":"ImageObject","inLanguage":"en-GB","@id":"https:\/\/curit.auxodev2.dk\/om-curit\/#primaryimage","url":"https:\/\/curit.auxodev2.dk\/wp-content\/uploads\/Curit_stemning_dag2-028-scaled.jpg","contentUrl":"https:\/\/curit.auxodev2.dk\/wp-content\/uploads\/Curit_stemning_dag2-028-scaled.jpg"},{"@type":"WebSite","@id":"https:\/\/curit.auxodev2.dk\/#website","url":"https:\/\/curit.auxodev2.dk\/","name":"Curit","description":"","publisher":{"@id":"https:\/\/curit.auxodev2.dk\/#organization"},"potentialAction":[{"@type":"SearchAction","target":{"@type":"EntryPoint","urlTemplate":"https:\/\/curit.auxodev2.dk\/?s={search_term_string}"},"query-input":{"@type":"PropertyValueSpecification","valueRequired":true,"valueName":"search_term_string"}}],"inLanguage":"en-GB"},{"@type":"Organization","@id":"https:\/\/curit.auxodev2.dk\/#organization","name":"Curit","url":"https:\/\/curit.auxodev2.dk\/","logo":{"@type":"ImageObject","inLanguage":"en-GB","@id":"https:\/\/curit.auxodev2.dk\/#\/schema\/logo\/image\/","url":"https:\/\/curit.auxodev2.dk\/wp-content\/uploads\/curit-logo-sort.svg","contentUrl":"https:\/\/curit.auxodev2.dk\/wp-content\/uploads\/curit-logo-sort.svg","width":272,"height":54,"caption":"Curit"},"image":{"@id":"https:\/\/curit.auxodev2.dk\/#\/schema\/logo\/image\/"}}]}},"_links":{"self":[{"href":"https:\/\/curit.auxodev2.dk\/en\/wp-json\/wp\/v2\/pages\/1064","targetHints":{"allow":["GET"]}}],"collection":[{"href":"https:\/\/curit.auxodev2.dk\/en\/wp-json\/wp\/v2\/pages"}],"about":[{"href":"https:\/\/curit.auxodev2.dk\/en\/wp-json\/wp\/v2\/types\/page"}],"author":[{"embeddable":true,"href":"https:\/\/curit.auxodev2.dk\/en\/wp-json\/wp\/v2\/users\/1"}],"replies":[{"embeddable":true,"href":"https:\/\/curit.auxodev2.dk\/en\/wp-json\/wp\/v2\/comments?post=1064"}],"version-history":[{"count":20,"href":"https:\/\/curit.auxodev2.dk\/en\/wp-json\/wp\/v2\/pages\/1064\/revisions"}],"predecessor-version":[{"id":4207,"href":"https:\/\/curit.auxodev2.dk\/en\/wp-json\/wp\/v2\/pages\/1064\/revisions\/4207"}],"wp:attachment":[{"href":"https:\/\/curit.auxodev2.dk\/en\/wp-json\/wp\/v2\/media?parent=1064"}],"curies":[{"name":"wp","href":"https:\/\/api.w.org\/{rel}","templated":true}]}}