{"id":1598,"date":"2025-06-23T14:18:36","date_gmt":"2025-06-23T12:18:36","guid":{"rendered":"https:\/\/curit.auxodev2.dk\/?page_id=1598"},"modified":"2026-03-28T10:21:59","modified_gmt":"2026-03-28T09:21:59","slug":"karriere","status":"publish","type":"page","link":"https:\/\/curit.auxodev2.dk\/en\/om-curit\/karriere\/","title":{"rendered":"Karriere"},"content":{"rendered":"<div data-elementor-type=\"wp-page\" data-elementor-id=\"1598\" class=\"elementor elementor-1598\" data-elementor-post-type=\"page\">\n\t\t\t\t<div class=\"elementor-element elementor-element-cec96fb e-flex e-con-boxed e-con e-child\" data-id=\"cec96fb\" data-element_type=\"container\" data-e-type=\"container\" data-settings=\"{&quot;background_background&quot;:&quot;classic&quot;}\">\n\t\t\t\t\t<div class=\"e-con-inner\">\n\t\t\t\t<div class=\"elementor-element elementor-element-5a89c45 elementor-invisible elementor-widget elementor-widget-heading\" data-id=\"5a89c45\" data-element_type=\"widget\" data-e-type=\"widget\" data-settings=\"{&quot;_animation&quot;:&quot;fadeIn&quot;,&quot;_animation_delay&quot;:300}\" data-widget_type=\"heading.default\">\n\t\t\t\t<div class=\"elementor-widget-container\">\n\t\t\t\t\t<h5 class=\"elementor-heading-title elementor-size-default\"><p>Som konsulenthus, der udelukkende arbejder med det svenske\nsystem IFS. Vores udgangspunkt er altid, at vi s\u00e6tter os ind i kundens\nforretning og tager ansvar for hele l\u00f8sningen, helt fra r\u00e5dgivning til drift. Hos\nCurit f\u00e5r du frihed til at tage ejerskab, arbejde t\u00e6t med kunderne og fordybe\ndig fagligt. <br><\/p><\/h5>\t\t\t\t<\/div>\n\t\t\t\t<\/div>\n\t\t\t\t\t<\/div>\n\t\t\t\t<\/div>\n\t\t<div class=\"elementor-element elementor-element-8330db2 e-flex e-con-boxed e-con e-parent\" data-id=\"8330db2\" data-element_type=\"container\" data-e-type=\"container\">\n\t\t\t\t\t<div class=\"e-con-inner\">\n\t\t<div class=\"elementor-element elementor-element-17c0e11 e-con-full e-flex e-con e-child\" data-id=\"17c0e11\" data-element_type=\"container\" data-e-type=\"container\" data-settings=\"{&quot;background_background&quot;:&quot;classic&quot;}\">\n\t\t<div class=\"elementor-element elementor-element-1ec30d3 e-con-full e-flex elementor-invisible e-con e-child\" data-id=\"1ec30d3\" data-element_type=\"container\" data-e-type=\"container\" data-settings=\"{&quot;animation&quot;:&quot;fadeInLeft&quot;}\">\n\t\t\t\t<div class=\"elementor-element elementor-element-9d1d8b4 elementor-widget elementor-widget-image\" data-id=\"9d1d8b4\" data-element_type=\"widget\" data-e-type=\"widget\" data-widget_type=\"image.default\">\n\t\t\t\t<div class=\"elementor-widget-container\">\n\t\t\t\t\t\t\t\t\t\t\t\t\t\t\t<img fetchpriority=\"high\" decoding=\"async\" width=\"2048\" height=\"1365\" src=\"https:\/\/curit.auxodev2.dk\/wp-content\/uploads\/Curit_stemning_dag2-142-scaled.jpg\" class=\"attachment-full size-full wp-image-4079\" alt=\"\" srcset=\"https:\/\/curit.auxodev2.dk\/wp-content\/uploads\/Curit_stemning_dag2-142-scaled.jpg 2048w, https:\/\/curit.auxodev2.dk\/wp-content\/uploads\/Curit_stemning_dag2-142-300x200.jpg 300w, https:\/\/curit.auxodev2.dk\/wp-content\/uploads\/Curit_stemning_dag2-142-1024x683.jpg 1024w, https:\/\/curit.auxodev2.dk\/wp-content\/uploads\/Curit_stemning_dag2-142-768x512.jpg 768w, https:\/\/curit.auxodev2.dk\/wp-content\/uploads\/Curit_stemning_dag2-142-1536x1024.jpg 1536w, https:\/\/curit.auxodev2.dk\/wp-content\/uploads\/Curit_stemning_dag2-142-18x12.jpg 18w\" sizes=\"(max-width: 2048px) 100vw, 2048px\" \/>\t\t\t\t\t\t\t\t\t\t\t\t\t\t\t<\/div>\n\t\t\t\t<\/div>\n\t\t\t\t<\/div>\n\t\t<div class=\"elementor-element elementor-element-3cbc987 e-con-full e-flex elementor-invisible e-con e-child\" data-id=\"3cbc987\" data-element_type=\"container\" data-e-type=\"container\" data-settings=\"{&quot;animation&quot;:&quot;fadeInRight&quot;}\">\n\t\t\t\t<div class=\"elementor-element elementor-element-5dc60f7 elementor-widget elementor-widget-heading\" data-id=\"5dc60f7\" data-element_type=\"widget\" data-e-type=\"widget\" data-widget_type=\"heading.default\">\n\t\t\t\t<div class=\"elementor-widget-container\">\n\t\t\t\t\t<h2 class=\"elementor-heading-title elementor-size-default\">Kendetegn for vores konsulenter<\/h2>\t\t\t\t<\/div>\n\t\t\t\t<\/div>\n\t\t\t\t<div class=\"elementor-element elementor-element-1da4f1f elementor-widget elementor-widget-text-editor\" data-id=\"1da4f1f\" data-element_type=\"widget\" data-e-type=\"widget\" data-widget_type=\"text-editor.default\">\n\t\t\t\t<div class=\"elementor-widget-container\">\n\t\t\t\t\t\t\t\t\t<p data-start=\"289\" data-end=\"625\">Hos Curit er konsulentrollen kendetegnet ved et t\u00e6t samspil mellem l\u00f8sning og relation. Arbejdet foreg\u00e5r t\u00e6t p\u00e5 kundernes forretning og str\u00e6kker sig fra de f\u00f8rste overvejelser til l\u00f8sningen er i drift. Det kr\u00e6ver en tilgang, hvor forst\u00e5elsen for b\u00e5de behov og sammenh\u00e6nge er i centrum \u2013 ikke kun hvordan systemet s\u00e6ttes op, men hvorfor.<\/p><p data-start=\"186\" data-end=\"558\">\u00a0<\/p><p data-start=\"627\" data-end=\"1011\">Samtidig er der et naturligt ejerskab for opgaverne og et fokus p\u00e5 at f\u00e5 tingene helt i m\u00e5l. Arbejdet indeb\u00e6rer fordybelse i komplekse sammenh\u00e6nge mellem forretning og system, hvor selvst\u00e6ndighed g\u00e5r h\u00e5nd i h\u00e5nd med sparring. F\u00e6lles er en motivation for at skabe l\u00f8sninger, der fungerer i praksis og skaber v\u00e6rdi i kundernes hverdag \u2013 i et milj\u00f8 pr\u00e6get af h\u00f8j faglighed, tempo og tillid.<\/p>\t\t\t\t\t\t\t\t<\/div>\n\t\t\t\t<\/div>\n\t\t\t\t<\/div>\n\t\t\t\t<\/div>\n\t\t\t\t\t<\/div>\n\t\t\t\t<\/div>\n\t\t<div class=\"elementor-element elementor-element-e741e62 e-flex e-con-boxed e-con e-parent\" data-id=\"e741e62\" data-element_type=\"container\" data-e-type=\"container\">\n\t\t\t\t\t<div class=\"e-con-inner\">\n\t\t<div class=\"elementor-element elementor-element-99dbcee e-con-full e-flex e-con e-child\" data-id=\"99dbcee\" data-element_type=\"container\" data-e-type=\"container\" data-settings=\"{&quot;background_background&quot;:&quot;classic&quot;}\">\n\t\t<div class=\"elementor-element elementor-element-a83591e e-con-full e-flex elementor-invisible e-con e-child\" data-id=\"a83591e\" data-element_type=\"container\" data-e-type=\"container\" data-settings=\"{&quot;animation&quot;:&quot;fadeInLeft&quot;}\">\n\t\t\t\t<div class=\"elementor-element elementor-element-170b8e0 elementor-widget elementor-widget-image\" data-id=\"170b8e0\" data-element_type=\"widget\" data-e-type=\"widget\" data-widget_type=\"image.default\">\n\t\t\t\t<div class=\"elementor-widget-container\">\n\t\t\t\t\t\t\t\t\t\t\t\t\t\t\t<img decoding=\"async\" width=\"2048\" height=\"1365\" src=\"https:\/\/curit.auxodev2.dk\/wp-content\/uploads\/Curit_stemning_dag2-130-scaled.jpg\" class=\"attachment-full size-full wp-image-3489\" alt=\"\" srcset=\"https:\/\/curit.auxodev2.dk\/wp-content\/uploads\/Curit_stemning_dag2-130-scaled.jpg 2048w, https:\/\/curit.auxodev2.dk\/wp-content\/uploads\/Curit_stemning_dag2-130-300x200.jpg 300w, https:\/\/curit.auxodev2.dk\/wp-content\/uploads\/Curit_stemning_dag2-130-1024x683.jpg 1024w, https:\/\/curit.auxodev2.dk\/wp-content\/uploads\/Curit_stemning_dag2-130-768x512.jpg 768w, https:\/\/curit.auxodev2.dk\/wp-content\/uploads\/Curit_stemning_dag2-130-1536x1024.jpg 1536w, https:\/\/curit.auxodev2.dk\/wp-content\/uploads\/Curit_stemning_dag2-130-18x12.jpg 18w\" sizes=\"(max-width: 2048px) 100vw, 2048px\" \/>\t\t\t\t\t\t\t\t\t\t\t\t\t\t\t<\/div>\n\t\t\t\t<\/div>\n\t\t\t\t<\/div>\n\t\t<div class=\"elementor-element elementor-element-3057018 e-con-full e-flex elementor-invisible e-con e-child\" data-id=\"3057018\" data-element_type=\"container\" data-e-type=\"container\" data-settings=\"{&quot;animation&quot;:&quot;fadeInRight&quot;}\">\n\t\t\t\t<div class=\"elementor-element elementor-element-9677d70 elementor-widget elementor-widget-heading\" data-id=\"9677d70\" data-element_type=\"widget\" data-e-type=\"widget\" data-widget_type=\"heading.default\">\n\t\t\t\t<div class=\"elementor-widget-container\">\n\t\t\t\t\t<h2 class=\"elementor-heading-title elementor-size-default\"><h2 class=\"elementor-heading-title elementor-size-default elementor-inline-editing pen\" data-elementor-setting-key=\"title\" data-pen-placeholder=\"Skriv her...\">S\u00e5dan arbejder vi hos Curit<\/h2><\/h2>\t\t\t\t<\/div>\n\t\t\t\t<\/div>\n\t\t\t\t<div class=\"elementor-element elementor-element-83d7abc elementor-widget elementor-widget-text-editor\" data-id=\"83d7abc\" data-element_type=\"widget\" data-e-type=\"widget\" data-widget_type=\"text-editor.default\">\n\t\t\t\t<div class=\"elementor-widget-container\">\n\t\t\t\t\t\t\t\t\t<p class=\"MsoNormal\" style=\"margin-bottom:0cm\">Hos Curit arbejder vi agilt med\nafs\u00e6t i IFS\u2019 egen metodik. Det giver os en struktureret tilgang, men ogs\u00e5\nfrihed til at tilpasse l\u00f8sningerne undervejs og i t\u00e6t dialog med kunderne.<o:p><\/o:p><\/p><p class=\"MsoNormal\" style=\"margin-bottom:0cm\">Vi arbejder t\u00e6t sammen p\u00e5 tv\u00e6rs af\nkonsulenter og udviklere og bygger l\u00f8sningerne l\u00f8bende. Det betyder korte\nfeedback-loops, tydelig fremdrift og mulighed for at justere, n\u00e5r kundens\nforretning udvikler sig.<o:p><\/o:p><\/p><p class=\"MsoNormal\">\n\n\n\n<\/p><p class=\"MsoNormal\" style=\"margin-bottom:0cm\">Vores arbejde starter altid med at\nforst\u00e5 forretningen bag systemet. N\u00e5r vi kender processerne og behovene, kan vi\nbruge IFS rigtigt, og levere l\u00f8sninger, der fungerer i praksis, hele vejen fra\nr\u00e5dgivning til drift.<o:p><\/o:p><\/p>\t\t\t\t\t\t\t\t<\/div>\n\t\t\t\t<\/div>\n\t\t\t\t<\/div>\n\t\t\t\t<\/div>\n\t\t\t\t\t<\/div>\n\t\t\t\t<\/div>\n\t\t<div class=\"elementor-element elementor-element-74174fe e-flex e-con-boxed e-con e-parent\" data-id=\"74174fe\" data-element_type=\"container\" data-e-type=\"container\">\n\t\t\t\t\t<div class=\"e-con-inner\">\n\t\t<div class=\"elementor-element elementor-element-3e1730d e-con-full e-flex e-con e-child\" data-id=\"3e1730d\" data-element_type=\"container\" data-e-type=\"container\" data-settings=\"{&quot;background_background&quot;:&quot;classic&quot;}\">\n\t\t<div class=\"elementor-element elementor-element-9a806d7 e-con-full e-flex elementor-invisible e-con e-child\" data-id=\"9a806d7\" data-element_type=\"container\" data-e-type=\"container\" data-settings=\"{&quot;animation&quot;:&quot;fadeInRight&quot;}\">\n\t\t\t\t<div class=\"elementor-element elementor-element-71dab85 elementor-widget elementor-widget-heading\" data-id=\"71dab85\" data-element_type=\"widget\" data-e-type=\"widget\" data-widget_type=\"heading.default\">\n\t\t\t\t<div class=\"elementor-widget-container\">\n\t\t\t\t\t<h2 class=\"elementor-heading-title elementor-size-default\">Kulturen hos Curit<\/h2>\t\t\t\t<\/div>\n\t\t\t\t<\/div>\n\t\t\t\t<div class=\"elementor-element elementor-element-9d90c08 elementor-widget elementor-widget-text-editor\" data-id=\"9d90c08\" data-element_type=\"widget\" data-e-type=\"widget\" data-widget_type=\"text-editor.default\">\n\t\t\t\t<div class=\"elementor-widget-container\">\n\t\t\t\t\t\t\t\t\t<p>Hos Curit er vores kultur pr\u00e6get af ansvar, faglighed og hj\u00e6lpsomhed. Vi tror p\u00e5, at de bedste resultater skabes, n\u00e5r mennesker trives, deler viden og tager ejerskab, alt dette b\u00e5de for opgaverne s\u00e5vel som for hinanden.<\/p><p>\u00a0<\/p><p>Vores m\u00e5de at arbejde p\u00e5 er forankret i seks v\u00e6rdier, som underst\u00f8tter hverdagen hos os: hj\u00e6lpsomhed, faglig kvalitet, engagement, fleksibilitet, ansvarlighed og trivsel. V\u00e6rdierne er med til at s\u00e6tte retningen for, hvordan vi samarbejder, tr\u00e6ffer beslutninger og udvikler os \u2013 fagligt s\u00e5vel som menneskeligt<\/p>\t\t\t\t\t\t\t\t<\/div>\n\t\t\t\t<\/div>\n\t\t\t\t<div class=\"elementor-element elementor-element-062187b elementor-mobile-align-justify elementor-widget elementor-widget-button\" data-id=\"062187b\" data-element_type=\"widget\" data-e-type=\"widget\" data-widget_type=\"button.default\">\n\t\t\t\t<div class=\"elementor-widget-container\">\n\t\t\t\t\t\t\t\t\t<div class=\"elementor-button-wrapper\">\n\t\t\t\t\t<a class=\"elementor-button elementor-button-link elementor-size-sm\" href=\"https:\/\/curit.auxodev2.dk\/en\/om-curit\/curits-vaerdier\/\">\n\t\t\t\t\t\t<span class=\"elementor-button-content-wrapper\">\n\t\t\t\t\t\t\t\t\t<span class=\"elementor-button-text\">Se mere om vores v\u00e6rdier<\/span>\n\t\t\t\t\t<\/span>\n\t\t\t\t\t<\/a>\n\t\t\t\t<\/div>\n\t\t\t\t\t\t\t\t<\/div>\n\t\t\t\t<\/div>\n\t\t\t\t<\/div>\n\t\t<div class=\"elementor-element elementor-element-f8e386a e-con-full e-flex elementor-invisible e-con e-child\" data-id=\"f8e386a\" data-element_type=\"container\" data-e-type=\"container\" data-settings=\"{&quot;animation&quot;:&quot;fadeInLeft&quot;}\">\n\t\t\t\t<div class=\"elementor-element elementor-element-d467ba3 elementor-widget elementor-widget-image\" data-id=\"d467ba3\" data-element_type=\"widget\" data-e-type=\"widget\" data-widget_type=\"image.default\">\n\t\t\t\t<div class=\"elementor-widget-container\">\n\t\t\t\t\t\t\t\t\t\t\t\t\t\t\t<img decoding=\"async\" width=\"2048\" height=\"1365\" src=\"https:\/\/curit.auxodev2.dk\/wp-content\/uploads\/Curit_stemning_dag2-145-1-scaled.jpg\" class=\"attachment-full size-full wp-image-4080\" alt=\"\" srcset=\"https:\/\/curit.auxodev2.dk\/wp-content\/uploads\/Curit_stemning_dag2-145-1-scaled.jpg 2048w, https:\/\/curit.auxodev2.dk\/wp-content\/uploads\/Curit_stemning_dag2-145-1-300x200.jpg 300w, https:\/\/curit.auxodev2.dk\/wp-content\/uploads\/Curit_stemning_dag2-145-1-1024x683.jpg 1024w, https:\/\/curit.auxodev2.dk\/wp-content\/uploads\/Curit_stemning_dag2-145-1-768x512.jpg 768w, https:\/\/curit.auxodev2.dk\/wp-content\/uploads\/Curit_stemning_dag2-145-1-1536x1024.jpg 1536w, https:\/\/curit.auxodev2.dk\/wp-content\/uploads\/Curit_stemning_dag2-145-1-18x12.jpg 18w\" sizes=\"(max-width: 2048px) 100vw, 2048px\" \/>\t\t\t\t\t\t\t\t\t\t\t\t\t\t\t<\/div>\n\t\t\t\t<\/div>\n\t\t\t\t<\/div>\n\t\t\t\t<\/div>\n\t\t\t\t\t<\/div>\n\t\t\t\t<\/div>\n\t\t<div class=\"elementor-element elementor-element-78e7d12 e-flex e-con-boxed e-con e-parent\" data-id=\"78e7d12\" data-element_type=\"container\" data-e-type=\"container\">\n\t\t\t\t\t<div class=\"e-con-inner\">\n\t\t\t\t\t<\/div>\n\t\t\t\t<\/div>\n\t\t<div class=\"elementor-element elementor-element-ae7d3f0 e-flex e-con-boxed e-con e-parent\" data-id=\"ae7d3f0\" data-element_type=\"container\" data-e-type=\"container\">\n\t\t\t\t\t<div class=\"e-con-inner\">\n\t\t<div class=\"elementor-element elementor-element-19f2b06 e-con-full e-flex e-con e-child\" data-id=\"19f2b06\" data-element_type=\"container\" data-e-type=\"container\" data-settings=\"{&quot;background_background&quot;:&quot;classic&quot;}\">\n\t\t<div class=\"elementor-element elementor-element-0747f1c e-con-full e-flex e-con e-child\" data-id=\"0747f1c\" data-element_type=\"container\" data-e-type=\"container\" data-settings=\"{&quot;background_background&quot;:&quot;classic&quot;}\">\n\t\t\t\t<\/div>\n\t\t<div class=\"elementor-element elementor-element-d2526d9 e-con-full e-flex e-con e-child\" data-id=\"d2526d9\" data-element_type=\"container\" data-e-type=\"container\">\n\t\t\t\t<div class=\"elementor-element elementor-element-30c9aea elementor-widget elementor-widget-heading\" data-id=\"30c9aea\" data-element_type=\"widget\" data-e-type=\"widget\" data-widget_type=\"heading.default\">\n\t\t\t\t<div class=\"elementor-widget-container\">\n\t\t\t\t\t<h2 class=\"elementor-heading-title elementor-size-default\">Lyder Curit som det rette sted for dig?<\/h2>\t\t\t\t<\/div>\n\t\t\t\t<\/div>\n\t\t\t\t<div class=\"elementor-element elementor-element-f43d73a elementor-widget elementor-widget-text-editor\" data-id=\"f43d73a\" data-element_type=\"widget\" data-e-type=\"widget\" data-widget_type=\"text-editor.default\">\n\t\t\t\t<div class=\"elementor-widget-container\">\n\t\t\t\t\t\t\t\t\t<p>Vi er altid interesserede i at h\u00f8re fra dygtige konsulenter og udviklere, der kan se sig selv i vores m\u00e5de at arbejde p\u00e5. Uanset om der er en konkret stilling, der matcher dig, eller ej, er du velkommen til at tage kontakt.<\/p><p>Vi h\u00f8rer altid gerne fra interessede kandidater. Send en uopfordret ands\u00f8gning.<\/p>\t\t\t\t\t\t\t\t<\/div>\n\t\t\t\t<\/div>\n\t\t\t\t<div class=\"elementor-element elementor-element-b52db8d elementor-align-left elementor-mobile-align-justify elementor-widget elementor-widget-button\" data-id=\"b52db8d\" data-element_type=\"widget\" data-e-type=\"widget\" data-widget_type=\"button.default\">\n\t\t\t\t<div class=\"elementor-widget-container\">\n\t\t\t\t\t\t\t\t\t<div class=\"elementor-button-wrapper\">\n\t\t\t\t\t<a class=\"elementor-button elementor-button-link elementor-size-sm\" href=\"mailto:info@curit.dk\">\n\t\t\t\t\t\t<span class=\"elementor-button-content-wrapper\">\n\t\t\t\t\t\t\t\t\t<span class=\"elementor-button-text\">Send en mail til info@curit.dk<\/span>\n\t\t\t\t\t<\/span>\n\t\t\t\t\t<\/a>\n\t\t\t\t<\/div>\n\t\t\t\t\t\t\t\t<\/div>\n\t\t\t\t<\/div>\n\t\t\t\t<\/div>\n\t\t\t\t<\/div>\n\t\t\t\t\t<\/div>\n\t\t\t\t<\/div>\n\t\t\t\t<\/div>","protected":false},"excerpt":{"rendered":"<p>Som konsulenthus, der udelukkende arbejder med det svenske system IFS. Vores udgangspunkt er altid, at vi s\u00e6tter os ind i kundens forretning og tager ansvar for hele l\u00f8sningen, helt fra r\u00e5dgivning til drift. Hos Curit f\u00e5r du frihed til at tage ejerskab, arbejde t\u00e6t med kunderne og fordybe dig fagligt. Kendetegn for vores konsulenter Hos [&hellip;]<\/p>\n","protected":false},"author":1,"featured_media":0,"parent":1064,"menu_order":0,"comment_status":"closed","ping_status":"closed","template":"","meta":{"_acf_changed":false,"footnotes":""},"class_list":["post-1598","page","type-page","status-publish","hentry"],"acf":[],"yoast_head":"<!-- This site is optimized with the Yoast SEO plugin v27.3 - https:\/\/yoast.com\/product\/yoast-seo-wordpress\/ -->\n<title>Karriere - Curit<\/title>\n<meta name=\"robots\" content=\"noindex, follow, max-snippet:-1, max-image-preview:large, max-video-preview:-1\" \/>\n<meta property=\"og:locale\" content=\"en_GB\" \/>\n<meta property=\"og:type\" content=\"article\" \/>\n<meta property=\"og:title\" content=\"Karriere - Curit\" \/>\n<meta property=\"og:description\" content=\"Som konsulenthus, der udelukkende arbejder med det svenske system IFS. Vores udgangspunkt er altid, at vi s\u00e6tter os ind i kundens forretning og tager ansvar for hele l\u00f8sningen, helt fra r\u00e5dgivning til drift. Hos Curit f\u00e5r du frihed til at tage ejerskab, arbejde t\u00e6t med kunderne og fordybe dig fagligt. Kendetegn for vores konsulenter Hos [&hellip;]\" \/>\n<meta property=\"og:url\" content=\"https:\/\/curit.auxodev2.dk\/en\/om-curit\/karriere\/\" \/>\n<meta property=\"og:site_name\" content=\"Curit\" \/>\n<meta property=\"article:modified_time\" content=\"2026-03-28T09:21:59+00:00\" \/>\n<meta property=\"og:image\" content=\"https:\/\/curit.auxodev2.dk\/wp-content\/uploads\/Curit_stemning_dag2-142-scaled.jpg\" \/>\n\t<meta property=\"og:image:width\" content=\"2048\" \/>\n\t<meta property=\"og:image:height\" content=\"1365\" \/>\n\t<meta property=\"og:image:type\" content=\"image\/jpeg\" \/>\n<meta name=\"twitter:card\" content=\"summary_large_image\" \/>\n<meta name=\"twitter:label1\" content=\"Estimated reading time\" \/>\n\t<meta name=\"twitter:data1\" content=\"3 minutes\" \/>\n<script type=\"application\/ld+json\" class=\"yoast-schema-graph\">{\"@context\":\"https:\\\/\\\/schema.org\",\"@graph\":[{\"@type\":\"WebPage\",\"@id\":\"https:\\\/\\\/curit.auxodev2.dk\\\/om-curit\\\/karriere\\\/\",\"url\":\"https:\\\/\\\/curit.auxodev2.dk\\\/om-curit\\\/karriere\\\/\",\"name\":\"Karriere - Curit\",\"isPartOf\":{\"@id\":\"https:\\\/\\\/curit.auxodev2.dk\\\/#website\"},\"primaryImageOfPage\":{\"@id\":\"https:\\\/\\\/curit.auxodev2.dk\\\/om-curit\\\/karriere\\\/#primaryimage\"},\"image\":{\"@id\":\"https:\\\/\\\/curit.auxodev2.dk\\\/om-curit\\\/karriere\\\/#primaryimage\"},\"thumbnailUrl\":\"https:\\\/\\\/curit.auxodev2.dk\\\/wp-content\\\/uploads\\\/Curit_stemning_dag2-142-scaled.jpg\",\"datePublished\":\"2025-06-23T12:18:36+00:00\",\"dateModified\":\"2026-03-28T09:21:59+00:00\",\"breadcrumb\":{\"@id\":\"https:\\\/\\\/curit.auxodev2.dk\\\/om-curit\\\/karriere\\\/#breadcrumb\"},\"inLanguage\":\"en-GB\",\"potentialAction\":[{\"@type\":\"ReadAction\",\"target\":[\"https:\\\/\\\/curit.auxodev2.dk\\\/om-curit\\\/karriere\\\/\"]}]},{\"@type\":\"ImageObject\",\"inLanguage\":\"en-GB\",\"@id\":\"https:\\\/\\\/curit.auxodev2.dk\\\/om-curit\\\/karriere\\\/#primaryimage\",\"url\":\"https:\\\/\\\/curit.auxodev2.dk\\\/wp-content\\\/uploads\\\/Curit_stemning_dag2-142-scaled.jpg\",\"contentUrl\":\"https:\\\/\\\/curit.auxodev2.dk\\\/wp-content\\\/uploads\\\/Curit_stemning_dag2-142-scaled.jpg\"},{\"@type\":\"BreadcrumbList\",\"@id\":\"https:\\\/\\\/curit.auxodev2.dk\\\/om-curit\\\/karriere\\\/#breadcrumb\",\"itemListElement\":[{\"@type\":\"ListItem\",\"position\":1,\"name\":\"Om Curit\",\"item\":\"https:\\\/\\\/curit.auxodev2.dk\\\/om-curit\\\/\"},{\"@type\":\"ListItem\",\"position\":2,\"name\":\"Karriere\"}]},{\"@type\":\"WebSite\",\"@id\":\"https:\\\/\\\/curit.auxodev2.dk\\\/#website\",\"url\":\"https:\\\/\\\/curit.auxodev2.dk\\\/\",\"name\":\"Curit\",\"description\":\"\",\"publisher\":{\"@id\":\"https:\\\/\\\/curit.auxodev2.dk\\\/#organization\"},\"potentialAction\":[{\"@type\":\"SearchAction\",\"target\":{\"@type\":\"EntryPoint\",\"urlTemplate\":\"https:\\\/\\\/curit.auxodev2.dk\\\/?s={search_term_string}\"},\"query-input\":{\"@type\":\"PropertyValueSpecification\",\"valueRequired\":true,\"valueName\":\"search_term_string\"}}],\"inLanguage\":\"en-GB\"},{\"@type\":\"Organization\",\"@id\":\"https:\\\/\\\/curit.auxodev2.dk\\\/#organization\",\"name\":\"Curit\",\"url\":\"https:\\\/\\\/curit.auxodev2.dk\\\/\",\"logo\":{\"@type\":\"ImageObject\",\"inLanguage\":\"en-GB\",\"@id\":\"https:\\\/\\\/curit.auxodev2.dk\\\/#\\\/schema\\\/logo\\\/image\\\/\",\"url\":\"https:\\\/\\\/curit.auxodev2.dk\\\/wp-content\\\/uploads\\\/curit-logo-sort.svg\",\"contentUrl\":\"https:\\\/\\\/curit.auxodev2.dk\\\/wp-content\\\/uploads\\\/curit-logo-sort.svg\",\"width\":272,\"height\":54,\"caption\":\"Curit\"},\"image\":{\"@id\":\"https:\\\/\\\/curit.auxodev2.dk\\\/#\\\/schema\\\/logo\\\/image\\\/\"}}]}<\/script>\n<!-- \/ Yoast SEO plugin. -->","yoast_head_json":{"title":"Karriere - Curit","robots":{"index":"noindex","follow":"follow","max-snippet":"max-snippet:-1","max-image-preview":"max-image-preview:large","max-video-preview":"max-video-preview:-1"},"og_locale":"en_GB","og_type":"article","og_title":"Karriere - Curit","og_description":"Som konsulenthus, der udelukkende arbejder med det svenske system IFS. Vores udgangspunkt er altid, at vi s\u00e6tter os ind i kundens forretning og tager ansvar for hele l\u00f8sningen, helt fra r\u00e5dgivning til drift. Hos Curit f\u00e5r du frihed til at tage ejerskab, arbejde t\u00e6t med kunderne og fordybe dig fagligt. Kendetegn for vores konsulenter Hos [&hellip;]","og_url":"https:\/\/curit.auxodev2.dk\/en\/om-curit\/karriere\/","og_site_name":"Curit","article_modified_time":"2026-03-28T09:21:59+00:00","og_image":[{"width":2048,"height":1365,"url":"https:\/\/curit.auxodev2.dk\/wp-content\/uploads\/Curit_stemning_dag2-142-scaled.jpg","type":"image\/jpeg"}],"twitter_card":"summary_large_image","twitter_misc":{"Estimated reading time":"3 minutes"},"schema":{"@context":"https:\/\/schema.org","@graph":[{"@type":"WebPage","@id":"https:\/\/curit.auxodev2.dk\/om-curit\/karriere\/","url":"https:\/\/curit.auxodev2.dk\/om-curit\/karriere\/","name":"Karriere - Curit","isPartOf":{"@id":"https:\/\/curit.auxodev2.dk\/#website"},"primaryImageOfPage":{"@id":"https:\/\/curit.auxodev2.dk\/om-curit\/karriere\/#primaryimage"},"image":{"@id":"https:\/\/curit.auxodev2.dk\/om-curit\/karriere\/#primaryimage"},"thumbnailUrl":"https:\/\/curit.auxodev2.dk\/wp-content\/uploads\/Curit_stemning_dag2-142-scaled.jpg","datePublished":"2025-06-23T12:18:36+00:00","dateModified":"2026-03-28T09:21:59+00:00","breadcrumb":{"@id":"https:\/\/curit.auxodev2.dk\/om-curit\/karriere\/#breadcrumb"},"inLanguage":"en-GB","potentialAction":[{"@type":"ReadAction","target":["https:\/\/curit.auxodev2.dk\/om-curit\/karriere\/"]}]},{"@type":"ImageObject","inLanguage":"en-GB","@id":"https:\/\/curit.auxodev2.dk\/om-curit\/karriere\/#primaryimage","url":"https:\/\/curit.auxodev2.dk\/wp-content\/uploads\/Curit_stemning_dag2-142-scaled.jpg","contentUrl":"https:\/\/curit.auxodev2.dk\/wp-content\/uploads\/Curit_stemning_dag2-142-scaled.jpg"},{"@type":"BreadcrumbList","@id":"https:\/\/curit.auxodev2.dk\/om-curit\/karriere\/#breadcrumb","itemListElement":[{"@type":"ListItem","position":1,"name":"Om Curit","item":"https:\/\/curit.auxodev2.dk\/om-curit\/"},{"@type":"ListItem","position":2,"name":"Karriere"}]},{"@type":"WebSite","@id":"https:\/\/curit.auxodev2.dk\/#website","url":"https:\/\/curit.auxodev2.dk\/","name":"Curit","description":"","publisher":{"@id":"https:\/\/curit.auxodev2.dk\/#organization"},"potentialAction":[{"@type":"SearchAction","target":{"@type":"EntryPoint","urlTemplate":"https:\/\/curit.auxodev2.dk\/?s={search_term_string}"},"query-input":{"@type":"PropertyValueSpecification","valueRequired":true,"valueName":"search_term_string"}}],"inLanguage":"en-GB"},{"@type":"Organization","@id":"https:\/\/curit.auxodev2.dk\/#organization","name":"Curit","url":"https:\/\/curit.auxodev2.dk\/","logo":{"@type":"ImageObject","inLanguage":"en-GB","@id":"https:\/\/curit.auxodev2.dk\/#\/schema\/logo\/image\/","url":"https:\/\/curit.auxodev2.dk\/wp-content\/uploads\/curit-logo-sort.svg","contentUrl":"https:\/\/curit.auxodev2.dk\/wp-content\/uploads\/curit-logo-sort.svg","width":272,"height":54,"caption":"Curit"},"image":{"@id":"https:\/\/curit.auxodev2.dk\/#\/schema\/logo\/image\/"}}]}},"_links":{"self":[{"href":"https:\/\/curit.auxodev2.dk\/en\/wp-json\/wp\/v2\/pages\/1598","targetHints":{"allow":["GET"]}}],"collection":[{"href":"https:\/\/curit.auxodev2.dk\/en\/wp-json\/wp\/v2\/pages"}],"about":[{"href":"https:\/\/curit.auxodev2.dk\/en\/wp-json\/wp\/v2\/types\/page"}],"author":[{"embeddable":true,"href":"https:\/\/curit.auxodev2.dk\/en\/wp-json\/wp\/v2\/users\/1"}],"replies":[{"embeddable":true,"href":"https:\/\/curit.auxodev2.dk\/en\/wp-json\/wp\/v2\/comments?post=1598"}],"version-history":[{"count":21,"href":"https:\/\/curit.auxodev2.dk\/en\/wp-json\/wp\/v2\/pages\/1598\/revisions"}],"predecessor-version":[{"id":4085,"href":"https:\/\/curit.auxodev2.dk\/en\/wp-json\/wp\/v2\/pages\/1598\/revisions\/4085"}],"up":[{"embeddable":true,"href":"https:\/\/curit.auxodev2.dk\/en\/wp-json\/wp\/v2\/pages\/1064"}],"wp:attachment":[{"href":"https:\/\/curit.auxodev2.dk\/en\/wp-json\/wp\/v2\/media?parent=1598"}],"curies":[{"name":"wp","href":"https:\/\/api.w.org\/{rel}","templated":true}]}}