{"id":3129,"date":"2025-10-29T10:55:23","date_gmt":"2025-10-29T09:55:23","guid":{"rendered":"https:\/\/curit.auxodev2.dk\/?page_id=3129"},"modified":"2026-03-28T10:49:08","modified_gmt":"2026-03-28T09:49:08","slug":"byggeri-og-konstruktion","status":"publish","type":"page","link":"https:\/\/curit.auxodev2.dk\/en\/brancher\/byggeri-og-konstruktion\/","title":{"rendered":"Industri og konstruktion"},"content":{"rendered":"<div data-elementor-type=\"wp-post\" data-elementor-id=\"3129\" class=\"elementor elementor-3129\" data-elementor-post-type=\"page\">\n\t\t\t\t<div class=\"elementor-element elementor-element-eaf8c86 e-flex e-con-boxed e-con e-child\" data-id=\"eaf8c86\" data-element_type=\"container\" data-e-type=\"container\" data-settings=\"{&quot;background_background&quot;:&quot;classic&quot;}\">\n\t\t\t\t\t<div class=\"e-con-inner\">\n\t\t\t\t<div class=\"elementor-element elementor-element-f0cc22c elementor-invisible elementor-widget elementor-widget-heading\" data-id=\"f0cc22c\" data-element_type=\"widget\" data-e-type=\"widget\" data-settings=\"{&quot;_animation&quot;:&quot;fadeIn&quot;,&quot;_animation_delay&quot;:300}\" data-widget_type=\"heading.default\">\n\t\t\t\t<div class=\"elementor-widget-container\">\n\t\t\t\t\t<h5 class=\"elementor-heading-title elementor-size-default\">Skab overblik i komplekse ingeni\u00f8r- og installationsprojekter<\/h5>\t\t\t\t<\/div>\n\t\t\t\t<\/div>\n\t\t\t\t\t<\/div>\n\t\t\t\t<\/div>\n\t\t<div class=\"elementor-element elementor-element-e4c0742 e-flex e-con-boxed e-con e-parent\" data-id=\"e4c0742\" data-element_type=\"container\" data-e-type=\"container\" data-settings=\"{&quot;background_background&quot;:&quot;classic&quot;}\">\n\t\t\t\t\t<div class=\"e-con-inner\">\n\t\t<div class=\"elementor-element elementor-element-42b15e6 e-con-full e-flex elementor-invisible e-con e-child\" data-id=\"42b15e6\" data-element_type=\"container\" data-e-type=\"container\" data-settings=\"{&quot;animation&quot;:&quot;fadeInLeft&quot;}\">\n\t\t\t\t<div class=\"elementor-element elementor-element-64f0998 elementor-widget elementor-widget-image\" data-id=\"64f0998\" data-element_type=\"widget\" data-e-type=\"widget\" data-widget_type=\"image.default\">\n\t\t\t\t<div class=\"elementor-widget-container\">\n\t\t\t\t\t\t\t\t\t\t\t\t\t\t\t<img fetchpriority=\"high\" decoding=\"async\" width=\"800\" height=\"534\" src=\"https:\/\/curit.auxodev2.dk\/wp-content\/uploads\/three-construction-workers-sitting-concrete-site-discussing-building-plans-119766226.webp\" class=\"attachment-full size-full wp-image-3939\" alt=\"\" srcset=\"https:\/\/curit.auxodev2.dk\/wp-content\/uploads\/three-construction-workers-sitting-concrete-site-discussing-building-plans-119766226.webp 800w, https:\/\/curit.auxodev2.dk\/wp-content\/uploads\/three-construction-workers-sitting-concrete-site-discussing-building-plans-119766226-300x200.webp 300w, https:\/\/curit.auxodev2.dk\/wp-content\/uploads\/three-construction-workers-sitting-concrete-site-discussing-building-plans-119766226-768x513.webp 768w, https:\/\/curit.auxodev2.dk\/wp-content\/uploads\/three-construction-workers-sitting-concrete-site-discussing-building-plans-119766226-18x12.webp 18w\" sizes=\"(max-width: 800px) 100vw, 800px\" \/>\t\t\t\t\t\t\t\t\t\t\t\t\t\t\t<\/div>\n\t\t\t\t<\/div>\n\t\t\t\t<\/div>\n\t\t<div class=\"elementor-element elementor-element-a6c2790 e-con-full e-flex elementor-invisible e-con e-child\" data-id=\"a6c2790\" data-element_type=\"container\" data-e-type=\"container\" data-settings=\"{&quot;animation&quot;:&quot;fadeInRight&quot;}\">\n\t\t\t\t<div class=\"elementor-element elementor-element-88f7ae9 elementor-widget elementor-widget-heading\" data-id=\"88f7ae9\" data-element_type=\"widget\" data-e-type=\"widget\" data-widget_type=\"heading.default\">\n\t\t\t\t<div class=\"elementor-widget-container\">\n\t\t\t\t\t<h2 class=\"elementor-heading-title elementor-size-default\">Industri og konstruktion<\/h2>\t\t\t\t<\/div>\n\t\t\t\t<\/div>\n\t\t\t\t<div class=\"elementor-element elementor-element-64459c9 elementor-widget elementor-widget-text-editor\" data-id=\"64459c9\" data-element_type=\"widget\" data-e-type=\"widget\" data-widget_type=\"text-editor.default\">\n\t\t\t\t<div class=\"elementor-widget-container\">\n\t\t\t\t\t\t\t\t\t<p>Mange af vores kunder arbejder med tekniske anl\u00e6g og installationer, hvor projekterne er komplekse og kr\u00e6ver koordinering af ressourcer, materialer og specialiseret udstyr. Det kan v\u00e6re offshore\u2011installationer, maritimt udstyr, pumper eller andre industrielle anl\u00e6g, hvor kvalitet, sikkerhed og sporbarhed er afg\u00f8rende.<\/p><p>Her er det vigtigt at kunne styre projekter, installationer og serviceopgaver p\u00e5 tv\u00e6rs af teams og lokationer. Samtidig skal dokumentation og compliance v\u00e6re p\u00e5 plads, s\u00e5 alle aktiver og processer kan f\u00f8lges gennem hele deres livscyklus.<\/p>\t\t\t\t\t\t\t\t<\/div>\n\t\t\t\t<\/div>\n\t\t\t\t<div class=\"elementor-element elementor-element-a283d49 elementor-mobile-align-justify elementor-widget elementor-widget-button\" data-id=\"a283d49\" data-element_type=\"widget\" data-e-type=\"widget\" data-widget_type=\"button.default\">\n\t\t\t\t<div class=\"elementor-widget-container\">\n\t\t\t\t\t\t\t\t\t<div class=\"elementor-button-wrapper\">\n\t\t\t\t\t<a class=\"elementor-button elementor-button-link elementor-size-sm\" href=\"https:\/\/curit.auxodev2.dk\/en\/kontakt\/\">\n\t\t\t\t\t\t<span class=\"elementor-button-content-wrapper\">\n\t\t\t\t\t\t\t\t\t<span class=\"elementor-button-text\">Kontakt os<\/span>\n\t\t\t\t\t<\/span>\n\t\t\t\t\t<\/a>\n\t\t\t\t<\/div>\n\t\t\t\t\t\t\t\t<\/div>\n\t\t\t\t<\/div>\n\t\t\t\t<\/div>\n\t\t\t\t\t<\/div>\n\t\t\t\t<\/div>\n\t\t<div class=\"elementor-element elementor-element-f3e8333 e-flex e-con-boxed e-con e-parent\" data-id=\"f3e8333\" data-element_type=\"container\" data-e-type=\"container\" data-settings=\"{&quot;background_background&quot;:&quot;classic&quot;}\">\n\t\t\t\t\t<div class=\"e-con-inner\">\n\t\t<div class=\"elementor-element elementor-element-224b062 e-con-full e-flex e-con e-child\" data-id=\"224b062\" data-element_type=\"container\" data-e-type=\"container\" data-settings=\"{&quot;background_background&quot;:&quot;slideshow&quot;,&quot;background_slideshow_gallery&quot;:[],&quot;background_slideshow_loop&quot;:&quot;yes&quot;,&quot;background_slideshow_slide_duration&quot;:5000,&quot;background_slideshow_slide_transition&quot;:&quot;fade&quot;,&quot;background_slideshow_transition_duration&quot;:500}\">\n\t\t<div class=\"elementor-element elementor-element-616718e e-con-full e-flex elementor-invisible e-con e-child\" data-id=\"616718e\" data-element_type=\"container\" data-e-type=\"container\" data-settings=\"{&quot;animation&quot;:&quot;fadeInLeft&quot;}\">\n\t\t\t\t<\/div>\n\t\t<div class=\"elementor-element elementor-element-195df7c e-con-full e-flex elementor-invisible e-con e-child\" data-id=\"195df7c\" data-element_type=\"container\" data-e-type=\"container\" data-settings=\"{&quot;animation&quot;:&quot;fadeInRight&quot;}\">\n\t\t\t\t<div class=\"elementor-element elementor-element-5dbfab5 elementor-widget elementor-widget-heading\" data-id=\"5dbfab5\" data-element_type=\"widget\" data-e-type=\"widget\" data-widget_type=\"heading.default\">\n\t\t\t\t<div class=\"elementor-widget-container\">\n\t\t\t\t\t<h2 class=\"elementor-heading-title elementor-size-default\">Fra planl\u00e6gning til udf\u00f8relse og <br>opf\u00f8lgning i \u00e9n platform<\/h2>\t\t\t\t<\/div>\n\t\t\t\t<\/div>\n\t\t\t\t<div class=\"elementor-element elementor-element-ca53c2f elementor-widget elementor-widget-text-editor\" data-id=\"ca53c2f\" data-element_type=\"widget\" data-e-type=\"widget\" data-widget_type=\"text-editor.default\">\n\t\t\t\t<div class=\"elementor-widget-container\">\n\t\t\t\t\t\t\t\t\t<p>Hos Curit ApS implementerer vi IFS Cloud, s\u00e5 alle dele af projekt- og anl\u00e6gsstyringen kan h\u00e5ndteres i \u00e9n integreret l\u00f8sning.<\/p><p>Det inkluderer planl\u00e6gning af ressourcer, styring af materialer og udstyr, dokumentation af udf\u00f8rte opgaver samt opf\u00f8lgning p\u00e5 kontrakter og \u00f8konomi. Med \u00e9n samlet platform f\u00e5r b\u00e5de projektledere og teknikere overblik over status, fremdrift og omkostninger, samtidig med at data f\u00f8lger aktiverne gennem hele deres livscyklus. Resultatet er bedre koordinering mellem teams, mere effektiv projektstyring og et solidt datagrundlag til beslutninger.<\/p>\t\t\t\t\t\t\t\t<\/div>\n\t\t\t\t<\/div>\n\t\t\t\t<\/div>\n\t\t\t\t<\/div>\n\t\t\t\t\t<\/div>\n\t\t\t\t<\/div>\n\t\t<div class=\"elementor-element elementor-element-a092ecb e-flex e-con-boxed e-con e-parent\" data-id=\"a092ecb\" data-element_type=\"container\" data-e-type=\"container\">\n\t\t\t\t\t<div class=\"e-con-inner\">\n\t\t<div class=\"elementor-element elementor-element-ab0ee6f e-con-full e-flex e-con e-child\" data-id=\"ab0ee6f\" data-element_type=\"container\" data-e-type=\"container\">\n\t\t<div class=\"elementor-element elementor-element-10fd6fd e-con-full e-flex e-con e-child\" data-id=\"10fd6fd\" data-element_type=\"container\" data-e-type=\"container\" data-settings=\"{&quot;background_background&quot;:&quot;classic&quot;}\">\n\t\t<div class=\"elementor-element elementor-element-dcec5d1 e-con-full e-flex e-con e-child\" data-id=\"dcec5d1\" data-element_type=\"container\" data-e-type=\"container\">\n\t\t<div class=\"elementor-element elementor-element-e2eb446 e-con-full e-flex e-con e-child\" data-id=\"e2eb446\" data-element_type=\"container\" data-e-type=\"container\">\n\t\t\t\t<div class=\"elementor-element elementor-element-f91e241 elementor-widget elementor-widget-heading\" data-id=\"f91e241\" data-element_type=\"widget\" data-e-type=\"widget\" data-widget_type=\"heading.default\">\n\t\t\t\t<div class=\"elementor-widget-container\">\n\t\t\t\t\t<h2 class=\"elementor-heading-title elementor-size-default\">F\u00e5 mere ud af jeres IFS-l\u00f8sning<\/h2>\t\t\t\t<\/div>\n\t\t\t\t<\/div>\n\t\t\t\t<div class=\"elementor-element elementor-element-94a5190 elementor-widget elementor-widget-text-editor\" data-id=\"94a5190\" data-element_type=\"widget\" data-e-type=\"widget\" data-widget_type=\"text-editor.default\">\n\t\t\t\t<div class=\"elementor-widget-container\">\n\t\t\t\t\t\t\t\t\t<p>Vi hj\u00e6lper virksomheder med at tilpasse og optimere IFS, s\u00e5 det underst\u00f8tter forretningen i praksis. Med fokus p\u00e5 stabile l\u00f8sninger, effektive arbejdsgange og t\u00e6t samarbejde sikrer vi, at systemet skaber v\u00e6rdi \u2013 b\u00e5de i drift og p\u00e5 sigt.<\/p><p>Kontakt os, hvis I vil h\u00f8re mere om, hvordan vi arbejder.<\/p>\t\t\t\t\t\t\t\t<\/div>\n\t\t\t\t<\/div>\n\t\t\t\t<div class=\"elementor-element elementor-element-866295c elementor-mobile-align-justify elementor-widget elementor-widget-button\" data-id=\"866295c\" data-element_type=\"widget\" data-e-type=\"widget\" data-widget_type=\"button.default\">\n\t\t\t\t<div class=\"elementor-widget-container\">\n\t\t\t\t\t\t\t\t\t<div class=\"elementor-button-wrapper\">\n\t\t\t\t\t<a class=\"elementor-button elementor-button-link elementor-size-sm\" href=\"https:\/\/curit.auxodev2.dk\/en\/kontakt\/\">\n\t\t\t\t\t\t<span class=\"elementor-button-content-wrapper\">\n\t\t\t\t\t\t\t\t\t<span class=\"elementor-button-text\">Kontakt Curit<\/span>\n\t\t\t\t\t<\/span>\n\t\t\t\t\t<\/a>\n\t\t\t\t<\/div>\n\t\t\t\t\t\t\t\t<\/div>\n\t\t\t\t<\/div>\n\t\t\t\t<\/div>\n\t\t<div class=\"elementor-element elementor-element-cda7043 e-con-full e-flex e-con e-child\" data-id=\"cda7043\" data-element_type=\"container\" data-e-type=\"container\">\n\t\t\t\t<div class=\"elementor-element elementor-element-ae88d92 elementor-widget elementor-widget-image\" data-id=\"ae88d92\" data-element_type=\"widget\" data-e-type=\"widget\" data-widget_type=\"image.default\">\n\t\t\t\t<div class=\"elementor-widget-container\">\n\t\t\t\t\t\t\t\t\t\t\t\t\t\t\t<img decoding=\"async\" width=\"800\" height=\"534\" src=\"https:\/\/curit.auxodev2.dk\/wp-content\/uploads\/Curit_stemning_dag2-039-1024x683.jpg\" class=\"attachment-large size-large wp-image-3067\" alt=\"\" srcset=\"https:\/\/curit.auxodev2.dk\/wp-content\/uploads\/Curit_stemning_dag2-039-1024x683.jpg 1024w, https:\/\/curit.auxodev2.dk\/wp-content\/uploads\/Curit_stemning_dag2-039-300x200.jpg 300w, https:\/\/curit.auxodev2.dk\/wp-content\/uploads\/Curit_stemning_dag2-039-768x512.jpg 768w, https:\/\/curit.auxodev2.dk\/wp-content\/uploads\/Curit_stemning_dag2-039-1536x1024.jpg 1536w, https:\/\/curit.auxodev2.dk\/wp-content\/uploads\/Curit_stemning_dag2-039-scaled.jpg 2048w, https:\/\/curit.auxodev2.dk\/wp-content\/uploads\/Curit_stemning_dag2-039-18x12.jpg 18w\" sizes=\"(max-width: 800px) 100vw, 800px\" \/>\t\t\t\t\t\t\t\t\t\t\t\t\t\t\t<\/div>\n\t\t\t\t<\/div>\n\t\t\t\t<\/div>\n\t\t\t\t<\/div>\n\t\t\t\t<\/div>\n\t\t\t\t<\/div>\n\t\t\t\t\t<\/div>\n\t\t\t\t<\/div>\n\t\t\t\t<\/div>","protected":false},"excerpt":{"rendered":"<p>Skab overblik i komplekse ingeni\u00f8r- og installationsprojekter Industri og konstruktion Mange af vores kunder arbejder med tekniske anl\u00e6g og installationer, hvor projekterne er komplekse og kr\u00e6ver koordinering af ressourcer, materialer og specialiseret udstyr. Det kan v\u00e6re offshore\u2011installationer, maritimt udstyr, pumper eller andre industrielle anl\u00e6g, hvor kvalitet, sikkerhed og sporbarhed er afg\u00f8rende. Her er det vigtigt [&hellip;]<\/p>\n","protected":false},"author":1,"featured_media":0,"parent":1587,"menu_order":0,"comment_status":"closed","ping_status":"closed","template":"","meta":{"_acf_changed":false,"footnotes":""},"class_list":["post-3129","page","type-page","status-publish","hentry"],"acf":[],"yoast_head":"<!-- This site is optimized with the Yoast SEO plugin v27.3 - https:\/\/yoast.com\/product\/yoast-seo-wordpress\/ -->\n<title>Industri og konstruktion - Curit<\/title>\n<meta name=\"robots\" content=\"noindex, follow, max-snippet:-1, max-image-preview:large, max-video-preview:-1\" \/>\n<meta property=\"og:locale\" content=\"en_GB\" \/>\n<meta property=\"og:type\" content=\"article\" \/>\n<meta property=\"og:title\" content=\"Industri og konstruktion - Curit\" \/>\n<meta property=\"og:description\" content=\"Skab overblik i komplekse ingeni\u00f8r- og installationsprojekter Industri og konstruktion Mange af vores kunder arbejder med tekniske anl\u00e6g og installationer, hvor projekterne er komplekse og kr\u00e6ver koordinering af ressourcer, materialer og specialiseret udstyr. Det kan v\u00e6re offshore\u2011installationer, maritimt udstyr, pumper eller andre industrielle anl\u00e6g, hvor kvalitet, sikkerhed og sporbarhed er afg\u00f8rende. Her er det vigtigt [&hellip;]\" \/>\n<meta property=\"og:url\" content=\"https:\/\/curit.auxodev2.dk\/en\/brancher\/byggeri-og-konstruktion\/\" \/>\n<meta property=\"og:site_name\" content=\"Curit\" \/>\n<meta property=\"article:modified_time\" content=\"2026-03-28T09:49:08+00:00\" \/>\n<meta property=\"og:image\" content=\"https:\/\/curit.auxodev2.dk\/wp-content\/uploads\/three-construction-workers-sitting-concrete-site-discussing-building-plans-119766226.webp\" \/>\n\t<meta property=\"og:image:width\" content=\"800\" \/>\n\t<meta property=\"og:image:height\" content=\"534\" \/>\n\t<meta property=\"og:image:type\" content=\"image\/webp\" \/>\n<meta name=\"twitter:card\" content=\"summary_large_image\" \/>\n<meta name=\"twitter:label1\" content=\"Estimated reading time\" \/>\n\t<meta name=\"twitter:data1\" content=\"2 minutes\" \/>\n<script type=\"application\/ld+json\" class=\"yoast-schema-graph\">{\"@context\":\"https:\\\/\\\/schema.org\",\"@graph\":[{\"@type\":\"WebPage\",\"@id\":\"https:\\\/\\\/curit.auxodev2.dk\\\/brancher\\\/byggeri-og-konstruktion\\\/\",\"url\":\"https:\\\/\\\/curit.auxodev2.dk\\\/brancher\\\/byggeri-og-konstruktion\\\/\",\"name\":\"Industri og konstruktion - Curit\",\"isPartOf\":{\"@id\":\"https:\\\/\\\/curit.auxodev2.dk\\\/#website\"},\"primaryImageOfPage\":{\"@id\":\"https:\\\/\\\/curit.auxodev2.dk\\\/brancher\\\/byggeri-og-konstruktion\\\/#primaryimage\"},\"image\":{\"@id\":\"https:\\\/\\\/curit.auxodev2.dk\\\/brancher\\\/byggeri-og-konstruktion\\\/#primaryimage\"},\"thumbnailUrl\":\"https:\\\/\\\/curit.auxodev2.dk\\\/wp-content\\\/uploads\\\/three-construction-workers-sitting-concrete-site-discussing-building-plans-119766226.webp\",\"datePublished\":\"2025-10-29T09:55:23+00:00\",\"dateModified\":\"2026-03-28T09:49:08+00:00\",\"breadcrumb\":{\"@id\":\"https:\\\/\\\/curit.auxodev2.dk\\\/brancher\\\/byggeri-og-konstruktion\\\/#breadcrumb\"},\"inLanguage\":\"en-GB\",\"potentialAction\":[{\"@type\":\"ReadAction\",\"target\":[\"https:\\\/\\\/curit.auxodev2.dk\\\/brancher\\\/byggeri-og-konstruktion\\\/\"]}]},{\"@type\":\"ImageObject\",\"inLanguage\":\"en-GB\",\"@id\":\"https:\\\/\\\/curit.auxodev2.dk\\\/brancher\\\/byggeri-og-konstruktion\\\/#primaryimage\",\"url\":\"https:\\\/\\\/curit.auxodev2.dk\\\/wp-content\\\/uploads\\\/three-construction-workers-sitting-concrete-site-discussing-building-plans-119766226.webp\",\"contentUrl\":\"https:\\\/\\\/curit.auxodev2.dk\\\/wp-content\\\/uploads\\\/three-construction-workers-sitting-concrete-site-discussing-building-plans-119766226.webp\"},{\"@type\":\"BreadcrumbList\",\"@id\":\"https:\\\/\\\/curit.auxodev2.dk\\\/brancher\\\/byggeri-og-konstruktion\\\/#breadcrumb\",\"itemListElement\":[{\"@type\":\"ListItem\",\"position\":1,\"name\":\"Brancher\",\"item\":\"https:\\\/\\\/curit.auxodev2.dk\\\/brancher\\\/\"},{\"@type\":\"ListItem\",\"position\":2,\"name\":\"Industri og konstruktion\"}]},{\"@type\":\"WebSite\",\"@id\":\"https:\\\/\\\/curit.auxodev2.dk\\\/#website\",\"url\":\"https:\\\/\\\/curit.auxodev2.dk\\\/\",\"name\":\"Curit\",\"description\":\"\",\"publisher\":{\"@id\":\"https:\\\/\\\/curit.auxodev2.dk\\\/#organization\"},\"potentialAction\":[{\"@type\":\"SearchAction\",\"target\":{\"@type\":\"EntryPoint\",\"urlTemplate\":\"https:\\\/\\\/curit.auxodev2.dk\\\/?s={search_term_string}\"},\"query-input\":{\"@type\":\"PropertyValueSpecification\",\"valueRequired\":true,\"valueName\":\"search_term_string\"}}],\"inLanguage\":\"en-GB\"},{\"@type\":\"Organization\",\"@id\":\"https:\\\/\\\/curit.auxodev2.dk\\\/#organization\",\"name\":\"Curit\",\"url\":\"https:\\\/\\\/curit.auxodev2.dk\\\/\",\"logo\":{\"@type\":\"ImageObject\",\"inLanguage\":\"en-GB\",\"@id\":\"https:\\\/\\\/curit.auxodev2.dk\\\/#\\\/schema\\\/logo\\\/image\\\/\",\"url\":\"https:\\\/\\\/curit.auxodev2.dk\\\/wp-content\\\/uploads\\\/curit-logo-sort.svg\",\"contentUrl\":\"https:\\\/\\\/curit.auxodev2.dk\\\/wp-content\\\/uploads\\\/curit-logo-sort.svg\",\"width\":272,\"height\":54,\"caption\":\"Curit\"},\"image\":{\"@id\":\"https:\\\/\\\/curit.auxodev2.dk\\\/#\\\/schema\\\/logo\\\/image\\\/\"}}]}<\/script>\n<!-- \/ Yoast SEO plugin. -->","yoast_head_json":{"title":"Industri og konstruktion - Curit","robots":{"index":"noindex","follow":"follow","max-snippet":"max-snippet:-1","max-image-preview":"max-image-preview:large","max-video-preview":"max-video-preview:-1"},"og_locale":"en_GB","og_type":"article","og_title":"Industri og konstruktion - Curit","og_description":"Skab overblik i komplekse ingeni\u00f8r- og installationsprojekter Industri og konstruktion Mange af vores kunder arbejder med tekniske anl\u00e6g og installationer, hvor projekterne er komplekse og kr\u00e6ver koordinering af ressourcer, materialer og specialiseret udstyr. Det kan v\u00e6re offshore\u2011installationer, maritimt udstyr, pumper eller andre industrielle anl\u00e6g, hvor kvalitet, sikkerhed og sporbarhed er afg\u00f8rende. Her er det vigtigt [&hellip;]","og_url":"https:\/\/curit.auxodev2.dk\/en\/brancher\/byggeri-og-konstruktion\/","og_site_name":"Curit","article_modified_time":"2026-03-28T09:49:08+00:00","og_image":[{"width":800,"height":534,"url":"https:\/\/curit.auxodev2.dk\/wp-content\/uploads\/three-construction-workers-sitting-concrete-site-discussing-building-plans-119766226.webp","type":"image\/webp"}],"twitter_card":"summary_large_image","twitter_misc":{"Estimated reading time":"2 minutes"},"schema":{"@context":"https:\/\/schema.org","@graph":[{"@type":"WebPage","@id":"https:\/\/curit.auxodev2.dk\/brancher\/byggeri-og-konstruktion\/","url":"https:\/\/curit.auxodev2.dk\/brancher\/byggeri-og-konstruktion\/","name":"Industri og konstruktion - Curit","isPartOf":{"@id":"https:\/\/curit.auxodev2.dk\/#website"},"primaryImageOfPage":{"@id":"https:\/\/curit.auxodev2.dk\/brancher\/byggeri-og-konstruktion\/#primaryimage"},"image":{"@id":"https:\/\/curit.auxodev2.dk\/brancher\/byggeri-og-konstruktion\/#primaryimage"},"thumbnailUrl":"https:\/\/curit.auxodev2.dk\/wp-content\/uploads\/three-construction-workers-sitting-concrete-site-discussing-building-plans-119766226.webp","datePublished":"2025-10-29T09:55:23+00:00","dateModified":"2026-03-28T09:49:08+00:00","breadcrumb":{"@id":"https:\/\/curit.auxodev2.dk\/brancher\/byggeri-og-konstruktion\/#breadcrumb"},"inLanguage":"en-GB","potentialAction":[{"@type":"ReadAction","target":["https:\/\/curit.auxodev2.dk\/brancher\/byggeri-og-konstruktion\/"]}]},{"@type":"ImageObject","inLanguage":"en-GB","@id":"https:\/\/curit.auxodev2.dk\/brancher\/byggeri-og-konstruktion\/#primaryimage","url":"https:\/\/curit.auxodev2.dk\/wp-content\/uploads\/three-construction-workers-sitting-concrete-site-discussing-building-plans-119766226.webp","contentUrl":"https:\/\/curit.auxodev2.dk\/wp-content\/uploads\/three-construction-workers-sitting-concrete-site-discussing-building-plans-119766226.webp"},{"@type":"BreadcrumbList","@id":"https:\/\/curit.auxodev2.dk\/brancher\/byggeri-og-konstruktion\/#breadcrumb","itemListElement":[{"@type":"ListItem","position":1,"name":"Brancher","item":"https:\/\/curit.auxodev2.dk\/brancher\/"},{"@type":"ListItem","position":2,"name":"Industri og konstruktion"}]},{"@type":"WebSite","@id":"https:\/\/curit.auxodev2.dk\/#website","url":"https:\/\/curit.auxodev2.dk\/","name":"Curit","description":"","publisher":{"@id":"https:\/\/curit.auxodev2.dk\/#organization"},"potentialAction":[{"@type":"SearchAction","target":{"@type":"EntryPoint","urlTemplate":"https:\/\/curit.auxodev2.dk\/?s={search_term_string}"},"query-input":{"@type":"PropertyValueSpecification","valueRequired":true,"valueName":"search_term_string"}}],"inLanguage":"en-GB"},{"@type":"Organization","@id":"https:\/\/curit.auxodev2.dk\/#organization","name":"Curit","url":"https:\/\/curit.auxodev2.dk\/","logo":{"@type":"ImageObject","inLanguage":"en-GB","@id":"https:\/\/curit.auxodev2.dk\/#\/schema\/logo\/image\/","url":"https:\/\/curit.auxodev2.dk\/wp-content\/uploads\/curit-logo-sort.svg","contentUrl":"https:\/\/curit.auxodev2.dk\/wp-content\/uploads\/curit-logo-sort.svg","width":272,"height":54,"caption":"Curit"},"image":{"@id":"https:\/\/curit.auxodev2.dk\/#\/schema\/logo\/image\/"}}]}},"_links":{"self":[{"href":"https:\/\/curit.auxodev2.dk\/en\/wp-json\/wp\/v2\/pages\/3129","targetHints":{"allow":["GET"]}}],"collection":[{"href":"https:\/\/curit.auxodev2.dk\/en\/wp-json\/wp\/v2\/pages"}],"about":[{"href":"https:\/\/curit.auxodev2.dk\/en\/wp-json\/wp\/v2\/types\/page"}],"author":[{"embeddable":true,"href":"https:\/\/curit.auxodev2.dk\/en\/wp-json\/wp\/v2\/users\/1"}],"replies":[{"embeddable":true,"href":"https:\/\/curit.auxodev2.dk\/en\/wp-json\/wp\/v2\/comments?post=3129"}],"version-history":[{"count":20,"href":"https:\/\/curit.auxodev2.dk\/en\/wp-json\/wp\/v2\/pages\/3129\/revisions"}],"predecessor-version":[{"id":4105,"href":"https:\/\/curit.auxodev2.dk\/en\/wp-json\/wp\/v2\/pages\/3129\/revisions\/4105"}],"up":[{"embeddable":true,"href":"https:\/\/curit.auxodev2.dk\/en\/wp-json\/wp\/v2\/pages\/1587"}],"wp:attachment":[{"href":"https:\/\/curit.auxodev2.dk\/en\/wp-json\/wp\/v2\/media?parent=3129"}],"curies":[{"name":"wp","href":"https:\/\/api.w.org\/{rel}","templated":true}]}}