{"id":3137,"date":"2025-10-29T10:56:55","date_gmt":"2025-10-29T09:56:55","guid":{"rendered":"https:\/\/curit.auxodev2.dk\/?page_id=3137"},"modified":"2026-03-29T13:14:06","modified_gmt":"2026-03-29T11:14:06","slug":"produktion","status":"publish","type":"page","link":"https:\/\/curit.auxodev2.dk\/en\/brancher\/produktion\/","title":{"rendered":"Produktion"},"content":{"rendered":"<div data-elementor-type=\"wp-post\" data-elementor-id=\"3137\" class=\"elementor elementor-3137\" data-elementor-post-type=\"page\">\n\t\t\t\t<div class=\"elementor-element elementor-element-eaf8c86 e-flex e-con-boxed e-con e-child\" data-id=\"eaf8c86\" data-element_type=\"container\" data-e-type=\"container\" data-settings=\"{&quot;background_background&quot;:&quot;classic&quot;}\">\n\t\t\t\t\t<div class=\"e-con-inner\">\n\t\t\t\t<div class=\"elementor-element elementor-element-f0cc22c elementor-invisible elementor-widget elementor-widget-heading\" data-id=\"f0cc22c\" data-element_type=\"widget\" data-e-type=\"widget\" data-settings=\"{&quot;_animation&quot;:&quot;fadeIn&quot;,&quot;_animation_delay&quot;:300}\" data-widget_type=\"heading.default\">\n\t\t\t\t<div class=\"elementor-widget-container\">\n\t\t\t\t\t<h5 class=\"elementor-heading-title elementor-size-default\">Digital sammenh\u00e6ng i hele v\u00e6rdik\u00e6den \u2013 fra planl\u00e6gning til levering<\/h5>\t\t\t\t<\/div>\n\t\t\t\t<\/div>\n\t\t\t\t\t<\/div>\n\t\t\t\t<\/div>\n\t\t<div class=\"elementor-element elementor-element-bcc97c8 e-flex e-con-boxed e-con e-parent\" data-id=\"bcc97c8\" data-element_type=\"container\" data-e-type=\"container\" data-settings=\"{&quot;background_background&quot;:&quot;classic&quot;}\">\n\t\t\t\t\t<div class=\"e-con-inner\">\n\t\t<div class=\"elementor-element elementor-element-101d960 e-con-full e-flex elementor-invisible e-con e-child\" data-id=\"101d960\" data-element_type=\"container\" data-e-type=\"container\" data-settings=\"{&quot;animation&quot;:&quot;fadeInLeft&quot;}\">\n\t\t\t\t<div class=\"elementor-element elementor-element-c68d4ad elementor-widget elementor-widget-image\" data-id=\"c68d4ad\" data-element_type=\"widget\" data-e-type=\"widget\" data-widget_type=\"image.default\">\n\t\t\t\t<div class=\"elementor-widget-container\">\n\t\t\t\t\t\t\t\t\t\t\t\t\t\t\t<img fetchpriority=\"high\" decoding=\"async\" width=\"612\" height=\"344\" src=\"https:\/\/curit.auxodev2.dk\/wp-content\/uploads\/istockphoto-1465056864-612x612-1.webp\" class=\"attachment-full size-full wp-image-3932\" alt=\"\" srcset=\"https:\/\/curit.auxodev2.dk\/wp-content\/uploads\/istockphoto-1465056864-612x612-1.webp 612w, https:\/\/curit.auxodev2.dk\/wp-content\/uploads\/istockphoto-1465056864-612x612-1-300x169.webp 300w, https:\/\/curit.auxodev2.dk\/wp-content\/uploads\/istockphoto-1465056864-612x612-1-18x10.webp 18w\" sizes=\"(max-width: 612px) 100vw, 612px\" \/>\t\t\t\t\t\t\t\t\t\t\t\t\t\t\t<\/div>\n\t\t\t\t<\/div>\n\t\t\t\t<\/div>\n\t\t<div class=\"elementor-element elementor-element-f81d998 e-con-full e-flex elementor-invisible e-con e-child\" data-id=\"f81d998\" data-element_type=\"container\" data-e-type=\"container\" data-settings=\"{&quot;animation&quot;:&quot;fadeInRight&quot;}\">\n\t\t\t\t<div class=\"elementor-element elementor-element-8bdac14 elementor-widget elementor-widget-heading\" data-id=\"8bdac14\" data-element_type=\"widget\" data-e-type=\"widget\" data-widget_type=\"heading.default\">\n\t\t\t\t<div class=\"elementor-widget-container\">\n\t\t\t\t\t<h2 class=\"elementor-heading-title elementor-size-default\">Produktion<\/h2>\t\t\t\t<\/div>\n\t\t\t\t<\/div>\n\t\t\t\t<div class=\"elementor-element elementor-element-290e6ed elementor-widget elementor-widget-text-editor\" data-id=\"290e6ed\" data-element_type=\"widget\" data-e-type=\"widget\" data-widget_type=\"text-editor.default\">\n\t\t\t\t<div class=\"elementor-widget-container\">\n\t\t\t\t\t\t\t\t\t<p>Produktionsvirksomheder lever i sp\u00e6ndingsfeltet mellem effektiv drift, h\u00f8j kvalitet og korte leveringstider. Samtidig stiller kunder og myndigheder stigende krav til dokumentation, sporbarhed og fleksibilitet.<\/p>\n<p>Uanset om virksomheden producerer til ordre (ETO\/MTO) eller til lager, kr\u00e6ver det et klart overblik over planl\u00e6gning, kapacitet, materialebehov, indk\u00f8b og lagerstyring. Her sikrer vi, at hele v\u00e6rdik\u00e6den fungerer gnidningsfrit, fra tilbud til levering.<\/p>\t\t\t\t\t\t\t\t<\/div>\n\t\t\t\t<\/div>\n\t\t\t\t<div class=\"elementor-element elementor-element-59b8317 elementor-mobile-align-justify elementor-widget elementor-widget-button\" data-id=\"59b8317\" data-element_type=\"widget\" data-e-type=\"widget\" data-widget_type=\"button.default\">\n\t\t\t\t<div class=\"elementor-widget-container\">\n\t\t\t\t\t\t\t\t\t<div class=\"elementor-button-wrapper\">\n\t\t\t\t\t<a class=\"elementor-button elementor-button-link elementor-size-sm\" href=\"https:\/\/curit.auxodev2.dk\/en\/kontakt\/\">\n\t\t\t\t\t\t<span class=\"elementor-button-content-wrapper\">\n\t\t\t\t\t\t\t\t\t<span class=\"elementor-button-text\">Kontakt os<\/span>\n\t\t\t\t\t<\/span>\n\t\t\t\t\t<\/a>\n\t\t\t\t<\/div>\n\t\t\t\t\t\t\t\t<\/div>\n\t\t\t\t<\/div>\n\t\t\t\t<\/div>\n\t\t\t\t\t<\/div>\n\t\t\t\t<\/div>\n\t\t<div class=\"elementor-element elementor-element-e4c0742 e-flex e-con-boxed e-con e-parent\" data-id=\"e4c0742\" data-element_type=\"container\" data-e-type=\"container\" data-settings=\"{&quot;background_background&quot;:&quot;slideshow&quot;,&quot;background_slideshow_gallery&quot;:[],&quot;background_slideshow_loop&quot;:&quot;yes&quot;,&quot;background_slideshow_slide_duration&quot;:5000,&quot;background_slideshow_slide_transition&quot;:&quot;fade&quot;,&quot;background_slideshow_transition_duration&quot;:500}\">\n\t\t\t\t\t<div class=\"e-con-inner\">\n\t\t<div class=\"elementor-element elementor-element-42b15e6 e-con-full e-flex elementor-invisible e-con e-child\" data-id=\"42b15e6\" data-element_type=\"container\" data-e-type=\"container\" data-settings=\"{&quot;animation&quot;:&quot;fadeInLeft&quot;}\">\n\t\t\t\t<\/div>\n\t\t<div class=\"elementor-element elementor-element-a6c2790 e-con-full e-flex elementor-invisible e-con e-child\" data-id=\"a6c2790\" data-element_type=\"container\" data-e-type=\"container\" data-settings=\"{&quot;animation&quot;:&quot;fadeInRight&quot;}\">\n\t\t\t\t<div class=\"elementor-element elementor-element-88f7ae9 elementor-widget elementor-widget-heading\" data-id=\"88f7ae9\" data-element_type=\"widget\" data-e-type=\"widget\" data-widget_type=\"heading.default\">\n\t\t\t\t<div class=\"elementor-widget-container\">\n\t\t\t\t\t<h2 class=\"elementor-heading-title elementor-size-default\">Sammenh\u00e6ng i hele v\u00e6rdik\u00e6den<\/h2>\t\t\t\t<\/div>\n\t\t\t\t<\/div>\n\t\t\t\t<div class=\"elementor-element elementor-element-64459c9 elementor-widget elementor-widget-text-editor\" data-id=\"64459c9\" data-element_type=\"widget\" data-e-type=\"widget\" data-widget_type=\"text-editor.default\">\n\t\t\t\t<div class=\"elementor-widget-container\">\n\t\t\t\t\t\t\t\t\t<p>Hos Curit ApS implementerer vi IFS Cloud, s\u00e5 planl\u00e6gning, produktion, lager og eftermarked samles i \u00e9n integreret platform.<\/p><p>Vi hj\u00e6lper ogs\u00e5 med eftermarked og service, hvor reservedele, vedligehold og garantih\u00e5ndtering ofte er kritiske for indtjeningen. Med IFS Cloud f\u00e5r ledelsen fuld transparens i hele v\u00e6rdik\u00e6den, medarbejderne f\u00e5r mere effektive arbejdsgange, og virksomheden f\u00e5r en l\u00f8sning, der kan vokse med forretningen.<\/p>\t\t\t\t\t\t\t\t<\/div>\n\t\t\t\t<\/div>\n\t\t\t\t<\/div>\n\t\t\t\t\t<\/div>\n\t\t\t\t<\/div>\n\t\t<div class=\"elementor-element elementor-element-b85e18e e-flex e-con-boxed e-con e-parent\" data-id=\"b85e18e\" data-element_type=\"container\" data-e-type=\"container\">\n\t\t\t\t\t<div class=\"e-con-inner\">\n\t\t<div class=\"elementor-element elementor-element-ce7d352 e-con-full e-flex e-con e-child\" data-id=\"ce7d352\" data-element_type=\"container\" data-e-type=\"container\" data-settings=\"{&quot;background_background&quot;:&quot;classic&quot;}\">\n\t\t<div class=\"elementor-element elementor-element-c6987ce e-con-full e-flex e-con e-child\" data-id=\"c6987ce\" data-element_type=\"container\" data-e-type=\"container\">\n\t\t<div class=\"elementor-element elementor-element-d13d1fb e-con-full e-flex e-con e-child\" data-id=\"d13d1fb\" data-element_type=\"container\" data-e-type=\"container\">\n\t\t\t\t<div class=\"elementor-element elementor-element-4efa269 elementor-widget elementor-widget-heading\" data-id=\"4efa269\" data-element_type=\"widget\" data-e-type=\"widget\" data-widget_type=\"heading.default\">\n\t\t\t\t<div class=\"elementor-widget-container\">\n\t\t\t\t\t<h2 class=\"elementor-heading-title elementor-size-default\">F\u00e5 mere ud af jeres IFS-l\u00f8sning<\/h2>\t\t\t\t<\/div>\n\t\t\t\t<\/div>\n\t\t\t\t<div class=\"elementor-element elementor-element-941cf56 elementor-widget elementor-widget-text-editor\" data-id=\"941cf56\" data-element_type=\"widget\" data-e-type=\"widget\" data-widget_type=\"text-editor.default\">\n\t\t\t\t<div class=\"elementor-widget-container\">\n\t\t\t\t\t\t\t\t\t<p>Vi hj\u00e6lper virksomheder med at tilpasse og optimere IFS, s\u00e5 det underst\u00f8tter forretningen i praksis. Med fokus p\u00e5 stabile l\u00f8sninger, effektive arbejdsgange og t\u00e6t samarbejde sikrer vi, at systemet skaber v\u00e6rdi \u2013 b\u00e5de i drift og p\u00e5 sigt.<\/p><p>Kontakt os, hvis I vil h\u00f8re mere om, hvordan vi arbejder.<\/p>\t\t\t\t\t\t\t\t<\/div>\n\t\t\t\t<\/div>\n\t\t\t\t<div class=\"elementor-element elementor-element-d8e9662 elementor-mobile-align-justify elementor-widget elementor-widget-button\" data-id=\"d8e9662\" data-element_type=\"widget\" data-e-type=\"widget\" data-widget_type=\"button.default\">\n\t\t\t\t<div class=\"elementor-widget-container\">\n\t\t\t\t\t\t\t\t\t<div class=\"elementor-button-wrapper\">\n\t\t\t\t\t<a class=\"elementor-button elementor-button-link elementor-size-sm\" href=\"https:\/\/curit.auxodev2.dk\/en\/kontakt\/\">\n\t\t\t\t\t\t<span class=\"elementor-button-content-wrapper\">\n\t\t\t\t\t\t\t\t\t<span class=\"elementor-button-text\">Kontakt Curit<\/span>\n\t\t\t\t\t<\/span>\n\t\t\t\t\t<\/a>\n\t\t\t\t<\/div>\n\t\t\t\t\t\t\t\t<\/div>\n\t\t\t\t<\/div>\n\t\t\t\t<\/div>\n\t\t<div class=\"elementor-element elementor-element-68b70cd e-con-full e-flex e-con e-child\" data-id=\"68b70cd\" data-element_type=\"container\" data-e-type=\"container\">\n\t\t\t\t<div class=\"elementor-element elementor-element-ba5b995 elementor-widget elementor-widget-image\" data-id=\"ba5b995\" data-element_type=\"widget\" data-e-type=\"widget\" data-widget_type=\"image.default\">\n\t\t\t\t<div class=\"elementor-widget-container\">\n\t\t\t\t\t\t\t\t\t\t\t\t\t\t\t<img decoding=\"async\" width=\"800\" height=\"534\" src=\"https:\/\/curit.auxodev2.dk\/wp-content\/uploads\/Curit_stemning_dag2-039-1024x683.jpg\" class=\"attachment-large size-large wp-image-3067\" alt=\"\" srcset=\"https:\/\/curit.auxodev2.dk\/wp-content\/uploads\/Curit_stemning_dag2-039-1024x683.jpg 1024w, https:\/\/curit.auxodev2.dk\/wp-content\/uploads\/Curit_stemning_dag2-039-300x200.jpg 300w, https:\/\/curit.auxodev2.dk\/wp-content\/uploads\/Curit_stemning_dag2-039-768x512.jpg 768w, https:\/\/curit.auxodev2.dk\/wp-content\/uploads\/Curit_stemning_dag2-039-1536x1024.jpg 1536w, https:\/\/curit.auxodev2.dk\/wp-content\/uploads\/Curit_stemning_dag2-039-scaled.jpg 2048w, https:\/\/curit.auxodev2.dk\/wp-content\/uploads\/Curit_stemning_dag2-039-18x12.jpg 18w\" sizes=\"(max-width: 800px) 100vw, 800px\" \/>\t\t\t\t\t\t\t\t\t\t\t\t\t\t\t<\/div>\n\t\t\t\t<\/div>\n\t\t\t\t<\/div>\n\t\t\t\t<\/div>\n\t\t\t\t<\/div>\n\t\t\t\t\t<\/div>\n\t\t\t\t<\/div>\n\t\t<div class=\"elementor-element elementor-element-67f779e e-flex e-con-boxed e-con e-parent\" data-id=\"67f779e\" data-element_type=\"container\" data-e-type=\"container\">\n\t\t\t\t\t<div class=\"e-con-inner\">\n\t\t\t\t\t<\/div>\n\t\t\t\t<\/div>\n\t\t\t\t<\/div>","protected":false},"excerpt":{"rendered":"<p>Digital sammenh\u00e6ng i hele v\u00e6rdik\u00e6den \u2013 fra planl\u00e6gning til levering Produktion Produktionsvirksomheder lever i sp\u00e6ndingsfeltet mellem effektiv drift, h\u00f8j kvalitet og korte leveringstider. Samtidig stiller kunder og myndigheder stigende krav til dokumentation, sporbarhed og fleksibilitet. Uanset om virksomheden producerer til ordre (ETO\/MTO) eller til lager, kr\u00e6ver det et klart overblik over planl\u00e6gning, kapacitet, materialebehov, indk\u00f8b [&hellip;]<\/p>\n","protected":false},"author":1,"featured_media":0,"parent":1587,"menu_order":0,"comment_status":"closed","ping_status":"closed","template":"","meta":{"_acf_changed":false,"footnotes":""},"class_list":["post-3137","page","type-page","status-publish","hentry"],"acf":[],"yoast_head":"<!-- This site is optimized with the Yoast SEO plugin v27.3 - https:\/\/yoast.com\/product\/yoast-seo-wordpress\/ -->\n<title>Produktion - Curit<\/title>\n<meta name=\"robots\" content=\"noindex, follow, max-snippet:-1, max-image-preview:large, max-video-preview:-1\" \/>\n<meta property=\"og:locale\" content=\"en_GB\" \/>\n<meta property=\"og:type\" content=\"article\" \/>\n<meta property=\"og:title\" content=\"Produktion - Curit\" \/>\n<meta property=\"og:description\" content=\"Digital sammenh\u00e6ng i hele v\u00e6rdik\u00e6den \u2013 fra planl\u00e6gning til levering Produktion Produktionsvirksomheder lever i sp\u00e6ndingsfeltet mellem effektiv drift, h\u00f8j kvalitet og korte leveringstider. Samtidig stiller kunder og myndigheder stigende krav til dokumentation, sporbarhed og fleksibilitet. Uanset om virksomheden producerer til ordre (ETO\/MTO) eller til lager, kr\u00e6ver det et klart overblik over planl\u00e6gning, kapacitet, materialebehov, indk\u00f8b [&hellip;]\" \/>\n<meta property=\"og:url\" content=\"https:\/\/curit.auxodev2.dk\/en\/brancher\/produktion\/\" \/>\n<meta property=\"og:site_name\" content=\"Curit\" \/>\n<meta property=\"article:modified_time\" content=\"2026-03-29T11:14:06+00:00\" \/>\n<meta property=\"og:image\" content=\"https:\/\/curit.auxodev2.dk\/wp-content\/uploads\/istockphoto-1465056864-612x612-1.webp\" \/>\n\t<meta property=\"og:image:width\" content=\"612\" \/>\n\t<meta property=\"og:image:height\" content=\"344\" \/>\n\t<meta property=\"og:image:type\" content=\"image\/webp\" \/>\n<meta name=\"twitter:card\" content=\"summary_large_image\" \/>\n<meta name=\"twitter:label1\" content=\"Estimated reading time\" \/>\n\t<meta name=\"twitter:data1\" content=\"2 minutes\" \/>\n<script type=\"application\/ld+json\" class=\"yoast-schema-graph\">{\"@context\":\"https:\\\/\\\/schema.org\",\"@graph\":[{\"@type\":\"WebPage\",\"@id\":\"https:\\\/\\\/curit.auxodev2.dk\\\/brancher\\\/produktion\\\/\",\"url\":\"https:\\\/\\\/curit.auxodev2.dk\\\/brancher\\\/produktion\\\/\",\"name\":\"Produktion - Curit\",\"isPartOf\":{\"@id\":\"https:\\\/\\\/curit.auxodev2.dk\\\/#website\"},\"primaryImageOfPage\":{\"@id\":\"https:\\\/\\\/curit.auxodev2.dk\\\/brancher\\\/produktion\\\/#primaryimage\"},\"image\":{\"@id\":\"https:\\\/\\\/curit.auxodev2.dk\\\/brancher\\\/produktion\\\/#primaryimage\"},\"thumbnailUrl\":\"https:\\\/\\\/curit.auxodev2.dk\\\/wp-content\\\/uploads\\\/istockphoto-1465056864-612x612-1.webp\",\"datePublished\":\"2025-10-29T09:56:55+00:00\",\"dateModified\":\"2026-03-29T11:14:06+00:00\",\"breadcrumb\":{\"@id\":\"https:\\\/\\\/curit.auxodev2.dk\\\/brancher\\\/produktion\\\/#breadcrumb\"},\"inLanguage\":\"en-GB\",\"potentialAction\":[{\"@type\":\"ReadAction\",\"target\":[\"https:\\\/\\\/curit.auxodev2.dk\\\/brancher\\\/produktion\\\/\"]}]},{\"@type\":\"ImageObject\",\"inLanguage\":\"en-GB\",\"@id\":\"https:\\\/\\\/curit.auxodev2.dk\\\/brancher\\\/produktion\\\/#primaryimage\",\"url\":\"https:\\\/\\\/curit.auxodev2.dk\\\/wp-content\\\/uploads\\\/istockphoto-1465056864-612x612-1.webp\",\"contentUrl\":\"https:\\\/\\\/curit.auxodev2.dk\\\/wp-content\\\/uploads\\\/istockphoto-1465056864-612x612-1.webp\"},{\"@type\":\"BreadcrumbList\",\"@id\":\"https:\\\/\\\/curit.auxodev2.dk\\\/brancher\\\/produktion\\\/#breadcrumb\",\"itemListElement\":[{\"@type\":\"ListItem\",\"position\":1,\"name\":\"Brancher\",\"item\":\"https:\\\/\\\/curit.auxodev2.dk\\\/brancher\\\/\"},{\"@type\":\"ListItem\",\"position\":2,\"name\":\"Produktion\"}]},{\"@type\":\"WebSite\",\"@id\":\"https:\\\/\\\/curit.auxodev2.dk\\\/#website\",\"url\":\"https:\\\/\\\/curit.auxodev2.dk\\\/\",\"name\":\"Curit\",\"description\":\"\",\"publisher\":{\"@id\":\"https:\\\/\\\/curit.auxodev2.dk\\\/#organization\"},\"potentialAction\":[{\"@type\":\"SearchAction\",\"target\":{\"@type\":\"EntryPoint\",\"urlTemplate\":\"https:\\\/\\\/curit.auxodev2.dk\\\/?s={search_term_string}\"},\"query-input\":{\"@type\":\"PropertyValueSpecification\",\"valueRequired\":true,\"valueName\":\"search_term_string\"}}],\"inLanguage\":\"en-GB\"},{\"@type\":\"Organization\",\"@id\":\"https:\\\/\\\/curit.auxodev2.dk\\\/#organization\",\"name\":\"Curit\",\"url\":\"https:\\\/\\\/curit.auxodev2.dk\\\/\",\"logo\":{\"@type\":\"ImageObject\",\"inLanguage\":\"en-GB\",\"@id\":\"https:\\\/\\\/curit.auxodev2.dk\\\/#\\\/schema\\\/logo\\\/image\\\/\",\"url\":\"https:\\\/\\\/curit.auxodev2.dk\\\/wp-content\\\/uploads\\\/curit-logo-sort.svg\",\"contentUrl\":\"https:\\\/\\\/curit.auxodev2.dk\\\/wp-content\\\/uploads\\\/curit-logo-sort.svg\",\"width\":272,\"height\":54,\"caption\":\"Curit\"},\"image\":{\"@id\":\"https:\\\/\\\/curit.auxodev2.dk\\\/#\\\/schema\\\/logo\\\/image\\\/\"}}]}<\/script>\n<!-- \/ Yoast SEO plugin. -->","yoast_head_json":{"title":"Produktion - Curit","robots":{"index":"noindex","follow":"follow","max-snippet":"max-snippet:-1","max-image-preview":"max-image-preview:large","max-video-preview":"max-video-preview:-1"},"og_locale":"en_GB","og_type":"article","og_title":"Produktion - Curit","og_description":"Digital sammenh\u00e6ng i hele v\u00e6rdik\u00e6den \u2013 fra planl\u00e6gning til levering Produktion Produktionsvirksomheder lever i sp\u00e6ndingsfeltet mellem effektiv drift, h\u00f8j kvalitet og korte leveringstider. Samtidig stiller kunder og myndigheder stigende krav til dokumentation, sporbarhed og fleksibilitet. Uanset om virksomheden producerer til ordre (ETO\/MTO) eller til lager, kr\u00e6ver det et klart overblik over planl\u00e6gning, kapacitet, materialebehov, indk\u00f8b [&hellip;]","og_url":"https:\/\/curit.auxodev2.dk\/en\/brancher\/produktion\/","og_site_name":"Curit","article_modified_time":"2026-03-29T11:14:06+00:00","og_image":[{"width":612,"height":344,"url":"https:\/\/curit.auxodev2.dk\/wp-content\/uploads\/istockphoto-1465056864-612x612-1.webp","type":"image\/webp"}],"twitter_card":"summary_large_image","twitter_misc":{"Estimated reading time":"2 minutes"},"schema":{"@context":"https:\/\/schema.org","@graph":[{"@type":"WebPage","@id":"https:\/\/curit.auxodev2.dk\/brancher\/produktion\/","url":"https:\/\/curit.auxodev2.dk\/brancher\/produktion\/","name":"Produktion - Curit","isPartOf":{"@id":"https:\/\/curit.auxodev2.dk\/#website"},"primaryImageOfPage":{"@id":"https:\/\/curit.auxodev2.dk\/brancher\/produktion\/#primaryimage"},"image":{"@id":"https:\/\/curit.auxodev2.dk\/brancher\/produktion\/#primaryimage"},"thumbnailUrl":"https:\/\/curit.auxodev2.dk\/wp-content\/uploads\/istockphoto-1465056864-612x612-1.webp","datePublished":"2025-10-29T09:56:55+00:00","dateModified":"2026-03-29T11:14:06+00:00","breadcrumb":{"@id":"https:\/\/curit.auxodev2.dk\/brancher\/produktion\/#breadcrumb"},"inLanguage":"en-GB","potentialAction":[{"@type":"ReadAction","target":["https:\/\/curit.auxodev2.dk\/brancher\/produktion\/"]}]},{"@type":"ImageObject","inLanguage":"en-GB","@id":"https:\/\/curit.auxodev2.dk\/brancher\/produktion\/#primaryimage","url":"https:\/\/curit.auxodev2.dk\/wp-content\/uploads\/istockphoto-1465056864-612x612-1.webp","contentUrl":"https:\/\/curit.auxodev2.dk\/wp-content\/uploads\/istockphoto-1465056864-612x612-1.webp"},{"@type":"BreadcrumbList","@id":"https:\/\/curit.auxodev2.dk\/brancher\/produktion\/#breadcrumb","itemListElement":[{"@type":"ListItem","position":1,"name":"Brancher","item":"https:\/\/curit.auxodev2.dk\/brancher\/"},{"@type":"ListItem","position":2,"name":"Produktion"}]},{"@type":"WebSite","@id":"https:\/\/curit.auxodev2.dk\/#website","url":"https:\/\/curit.auxodev2.dk\/","name":"Curit","description":"","publisher":{"@id":"https:\/\/curit.auxodev2.dk\/#organization"},"potentialAction":[{"@type":"SearchAction","target":{"@type":"EntryPoint","urlTemplate":"https:\/\/curit.auxodev2.dk\/?s={search_term_string}"},"query-input":{"@type":"PropertyValueSpecification","valueRequired":true,"valueName":"search_term_string"}}],"inLanguage":"en-GB"},{"@type":"Organization","@id":"https:\/\/curit.auxodev2.dk\/#organization","name":"Curit","url":"https:\/\/curit.auxodev2.dk\/","logo":{"@type":"ImageObject","inLanguage":"en-GB","@id":"https:\/\/curit.auxodev2.dk\/#\/schema\/logo\/image\/","url":"https:\/\/curit.auxodev2.dk\/wp-content\/uploads\/curit-logo-sort.svg","contentUrl":"https:\/\/curit.auxodev2.dk\/wp-content\/uploads\/curit-logo-sort.svg","width":272,"height":54,"caption":"Curit"},"image":{"@id":"https:\/\/curit.auxodev2.dk\/#\/schema\/logo\/image\/"}}]}},"_links":{"self":[{"href":"https:\/\/curit.auxodev2.dk\/en\/wp-json\/wp\/v2\/pages\/3137","targetHints":{"allow":["GET"]}}],"collection":[{"href":"https:\/\/curit.auxodev2.dk\/en\/wp-json\/wp\/v2\/pages"}],"about":[{"href":"https:\/\/curit.auxodev2.dk\/en\/wp-json\/wp\/v2\/types\/page"}],"author":[{"embeddable":true,"href":"https:\/\/curit.auxodev2.dk\/en\/wp-json\/wp\/v2\/users\/1"}],"replies":[{"embeddable":true,"href":"https:\/\/curit.auxodev2.dk\/en\/wp-json\/wp\/v2\/comments?post=3137"}],"version-history":[{"count":20,"href":"https:\/\/curit.auxodev2.dk\/en\/wp-json\/wp\/v2\/pages\/3137\/revisions"}],"predecessor-version":[{"id":4185,"href":"https:\/\/curit.auxodev2.dk\/en\/wp-json\/wp\/v2\/pages\/3137\/revisions\/4185"}],"up":[{"embeddable":true,"href":"https:\/\/curit.auxodev2.dk\/en\/wp-json\/wp\/v2\/pages\/1587"}],"wp:attachment":[{"href":"https:\/\/curit.auxodev2.dk\/en\/wp-json\/wp\/v2\/media?parent=3137"}],"curies":[{"name":"wp","href":"https:\/\/api.w.org\/{rel}","templated":true}]}}