{"id":3208,"date":"2025-10-29T13:24:21","date_gmt":"2025-10-29T12:24:21","guid":{"rendered":"https:\/\/curit.auxodev2.dk\/?page_id=3208"},"modified":"2026-03-30T09:24:31","modified_gmt":"2026-03-30T07:24:31","slug":"day-to-day","status":"publish","type":"page","link":"https:\/\/curit.auxodev2.dk\/en\/om-curit\/day-to-day\/","title":{"rendered":"IT Sikkerhed og GDPR"},"content":{"rendered":"<div data-elementor-type=\"wp-page\" data-elementor-id=\"3208\" class=\"elementor elementor-3208\" data-elementor-post-type=\"page\">\n\t\t\t\t<div class=\"elementor-element elementor-element-5fe9230 e-con-full e-flex e-con e-parent\" data-id=\"5fe9230\" data-element_type=\"container\" data-e-type=\"container\">\n\t\t<div class=\"elementor-element elementor-element-08a62ca e-con-full e-flex e-con e-child\" data-id=\"08a62ca\" data-element_type=\"container\" data-e-type=\"container\" data-settings=\"{&quot;background_background&quot;:&quot;classic&quot;}\">\n\t\t\t\t<div class=\"elementor-element elementor-element-ed237de elementor-invisible elementor-widget elementor-widget-heading\" data-id=\"ed237de\" data-element_type=\"widget\" data-e-type=\"widget\" data-settings=\"{&quot;_animation&quot;:&quot;fadeInUp&quot;}\" data-widget_type=\"heading.default\">\n\t\t\t\t<div class=\"elementor-widget-container\">\n\t\t\t\t\t<h1 class=\"elementor-heading-title elementor-size-default\">IT sikkerhed og GDPR<\/h1>\t\t\t\t<\/div>\n\t\t\t\t<\/div>\n\t\t\t\t<div class=\"elementor-element elementor-element-fb56ba1 elementor-invisible elementor-widget elementor-widget-heading\" data-id=\"fb56ba1\" data-element_type=\"widget\" data-e-type=\"widget\" data-settings=\"{&quot;_animation&quot;:&quot;fadeIn&quot;,&quot;_animation_delay&quot;:300}\" data-widget_type=\"heading.default\">\n\t\t\t\t<div class=\"elementor-widget-container\">\n\t\t\t\t\t<h5 class=\"elementor-heading-title elementor-size-default\">Vi beskytter information \u2013 b\u00e5de vores egen og vores kunders<\/h5>\t\t\t\t<\/div>\n\t\t\t\t<\/div>\n\t\t\t\t<\/div>\n\t\t<div class=\"elementor-element elementor-element-fa0667e e-con-full e-flex e-con e-child\" data-id=\"fa0667e\" data-element_type=\"container\" data-e-type=\"container\">\n\t\t\t\t<div class=\"elementor-element elementor-element-30b816d elementor-widget elementor-widget-spacer\" data-id=\"30b816d\" data-element_type=\"widget\" data-e-type=\"widget\" data-widget_type=\"spacer.default\">\n\t\t\t\t<div class=\"elementor-widget-container\">\n\t\t\t\t\t\t\t<div class=\"elementor-spacer\">\n\t\t\t<div class=\"elementor-spacer-inner\"><\/div>\n\t\t<\/div>\n\t\t\t\t\t\t<\/div>\n\t\t\t\t<\/div>\n\t\t\t\t<\/div>\n\t\t<div class=\"elementor-element elementor-element-bd8a4a6 e-flex e-con-boxed e-con e-child\" data-id=\"bd8a4a6\" data-element_type=\"container\" data-e-type=\"container\">\n\t\t\t\t\t<div class=\"e-con-inner\">\n\t\t\t\t<div class=\"elementor-element elementor-element-e8792f4 elementor-widget__width-initial elementor-widget elementor-widget-image\" data-id=\"e8792f4\" data-element_type=\"widget\" data-e-type=\"widget\" data-widget_type=\"image.default\">\n\t\t\t\t<div class=\"elementor-widget-container\">\n\t\t\t\t\t\t\t\t\t\t\t\t\t\t\t<img fetchpriority=\"high\" decoding=\"async\" width=\"2048\" height=\"1365\" src=\"https:\/\/curit.auxodev2.dk\/wp-content\/uploads\/pexels-pixabay-60504-1-scaled.jpg\" class=\"attachment-full size-full wp-image-4186\" alt=\"\" srcset=\"https:\/\/curit.auxodev2.dk\/wp-content\/uploads\/pexels-pixabay-60504-1-scaled.jpg 2048w, https:\/\/curit.auxodev2.dk\/wp-content\/uploads\/pexels-pixabay-60504-1-300x200.jpg 300w, https:\/\/curit.auxodev2.dk\/wp-content\/uploads\/pexels-pixabay-60504-1-1024x683.jpg 1024w, https:\/\/curit.auxodev2.dk\/wp-content\/uploads\/pexels-pixabay-60504-1-768x512.jpg 768w, https:\/\/curit.auxodev2.dk\/wp-content\/uploads\/pexels-pixabay-60504-1-1536x1024.jpg 1536w, https:\/\/curit.auxodev2.dk\/wp-content\/uploads\/pexels-pixabay-60504-1-18x12.jpg 18w\" sizes=\"(max-width: 2048px) 100vw, 2048px\" \/>\t\t\t\t\t\t\t\t\t\t\t\t\t\t\t<\/div>\n\t\t\t\t<\/div>\n\t\t<div class=\"elementor-element elementor-element-f1dacb8 e-con-full e-flex e-con e-child\" data-id=\"f1dacb8\" data-element_type=\"container\" data-e-type=\"container\" data-settings=\"{&quot;background_background&quot;:&quot;classic&quot;}\">\n\t\t<div class=\"elementor-element elementor-element-de37dd9 e-con-full e-flex elementor-invisible e-con e-child\" data-id=\"de37dd9\" data-element_type=\"container\" data-e-type=\"container\" data-settings=\"{&quot;animation&quot;:&quot;fadeInRight&quot;}\">\n\t\t\t\t<div class=\"elementor-element elementor-element-2d263e7 elementor-widget elementor-widget-heading\" data-id=\"2d263e7\" data-element_type=\"widget\" data-e-type=\"widget\" data-widget_type=\"heading.default\">\n\t\t\t\t<div class=\"elementor-widget-container\">\n\t\t\t\t\t<h5 class=\"elementor-heading-title elementor-size-default\">Informationssikkerhed hos Curit<\/h5>\t\t\t\t<\/div>\n\t\t\t\t<\/div>\n\t\t\t\t<div class=\"elementor-element elementor-element-f0e5b73 elementor-widget elementor-widget-text-editor\" data-id=\"f0e5b73\" data-element_type=\"widget\" data-e-type=\"widget\" data-widget_type=\"text-editor.default\">\n\t\t\t\t<div class=\"elementor-widget-container\">\n\t\t\t\t\t\t\t\t\t<p data-start=\"247\" data-end=\"576\">Data er en af de vigtigste aktiver i moderne virksomheder, og som specialiseret leverand\u00f8r af ERP-l\u00f8sninger arbejder Curit med b\u00e5de interne data og data fra vores kunder og samarbejdspartnere. Derfor har vi en sikker og ansvarlig tilgang til informationsteknologi, hvor beskyttelse af information altid er en central prioritet.<\/p><p data-start=\"578\" data-end=\"847\">Informationssikkerhed er en kernev\u00e6rdi i vores organisation og et strategisk fokusomr\u00e5de. Vi arbejder m\u00e5lrettet for at sikre, at vores systemer, processer og arbejdsgange underst\u00f8tter et h\u00f8jt sikkerhedsniveau og skaber tryghed for b\u00e5de medarbejdere, kunder og partnere.<\/p>\t\t\t\t\t\t\t\t<\/div>\n\t\t\t\t<\/div>\n\t\t\t\t<div class=\"elementor-element elementor-element-a260ae8 elementor-mobile-align-justify elementor-widget elementor-widget-button\" data-id=\"a260ae8\" data-element_type=\"widget\" data-e-type=\"widget\" data-widget_type=\"button.default\">\n\t\t\t\t<div class=\"elementor-widget-container\">\n\t\t\t\t\t\t\t\t\t<div class=\"elementor-button-wrapper\">\n\t\t\t\t\t<a class=\"elementor-button elementor-button-link elementor-size-sm\" href=\"https:\/\/curit.auxodev2.dk\/en\/kontakt\/\">\n\t\t\t\t\t\t<span class=\"elementor-button-content-wrapper\">\n\t\t\t\t\t\t\t\t\t<span class=\"elementor-button-text\">Kontakt os<\/span>\n\t\t\t\t\t<\/span>\n\t\t\t\t\t<\/a>\n\t\t\t\t<\/div>\n\t\t\t\t\t\t\t\t<\/div>\n\t\t\t\t<\/div>\n\t\t\t\t<\/div>\n\t\t\t\t<\/div>\n\t\t\t\t<div class=\"elementor-element elementor-element-2e2b370 elementor-widget elementor-widget-spacer\" data-id=\"2e2b370\" data-element_type=\"widget\" data-e-type=\"widget\" data-widget_type=\"spacer.default\">\n\t\t\t\t<div class=\"elementor-widget-container\">\n\t\t\t\t\t\t\t<div class=\"elementor-spacer\">\n\t\t\t<div class=\"elementor-spacer-inner\"><\/div>\n\t\t<\/div>\n\t\t\t\t\t\t<\/div>\n\t\t\t\t<\/div>\n\t\t\t\t\t<\/div>\n\t\t\t\t<\/div>\n\t\t<div class=\"elementor-element elementor-element-c821da2 e-con-full e-flex e-con e-child\" data-id=\"c821da2\" data-element_type=\"container\" data-e-type=\"container\">\n\t\t<div class=\"elementor-element elementor-element-c2e9636 e-flex e-con-boxed e-con e-child\" data-id=\"c2e9636\" data-element_type=\"container\" data-e-type=\"container\" data-settings=\"{&quot;background_background&quot;:&quot;slideshow&quot;,&quot;background_slideshow_gallery&quot;:[],&quot;background_slideshow_loop&quot;:&quot;yes&quot;,&quot;background_slideshow_slide_duration&quot;:5000,&quot;background_slideshow_slide_transition&quot;:&quot;fade&quot;,&quot;background_slideshow_transition_duration&quot;:500}\">\n\t\t\t\t\t<div class=\"e-con-inner\">\n\t\t<div class=\"elementor-element elementor-element-2fbcdea e-con-full e-flex elementor-invisible e-con e-child\" data-id=\"2fbcdea\" data-element_type=\"container\" data-e-type=\"container\" data-settings=\"{&quot;animation&quot;:&quot;fadeInLeft&quot;}\">\n\t\t\t\t<div class=\"elementor-element elementor-element-0e7516a elementor-widget elementor-widget-image\" data-id=\"0e7516a\" data-element_type=\"widget\" data-e-type=\"widget\" data-widget_type=\"image.default\">\n\t\t\t\t<div class=\"elementor-widget-container\">\n\t\t\t\t\t\t\t\t\t\t\t\t\t\t\t<img decoding=\"async\" width=\"800\" height=\"800\" src=\"https:\/\/curit.auxodev2.dk\/wp-content\/uploads\/Untitled-design-20-1024x1024.png\" class=\"attachment-large size-large wp-image-4189\" alt=\"\" srcset=\"https:\/\/curit.auxodev2.dk\/wp-content\/uploads\/Untitled-design-20-1024x1024.png 1024w, https:\/\/curit.auxodev2.dk\/wp-content\/uploads\/Untitled-design-20-300x300.png 300w, https:\/\/curit.auxodev2.dk\/wp-content\/uploads\/Untitled-design-20-150x150.png 150w, https:\/\/curit.auxodev2.dk\/wp-content\/uploads\/Untitled-design-20-768x768.png 768w, https:\/\/curit.auxodev2.dk\/wp-content\/uploads\/Untitled-design-20-12x12.png 12w, https:\/\/curit.auxodev2.dk\/wp-content\/uploads\/Untitled-design-20.png 1181w\" sizes=\"(max-width: 800px) 100vw, 800px\" \/>\t\t\t\t\t\t\t\t\t\t\t\t\t\t\t<\/div>\n\t\t\t\t<\/div>\n\t\t\t\t<\/div>\n\t\t<div class=\"elementor-element elementor-element-3712e1a e-con-full e-flex elementor-invisible e-con e-child\" data-id=\"3712e1a\" data-element_type=\"container\" data-e-type=\"container\" data-settings=\"{&quot;animation&quot;:&quot;fadeInRight&quot;}\">\n\t\t\t\t<div class=\"elementor-element elementor-element-52cca06 elementor-widget elementor-widget-heading\" data-id=\"52cca06\" data-element_type=\"widget\" data-e-type=\"widget\" data-widget_type=\"heading.default\">\n\t\t\t\t<div class=\"elementor-widget-container\">\n\t\t\t\t\t<h2 class=\"elementor-heading-title elementor-size-default\">Standarder, compliance og sikkerhed i praksis<\/h2>\t\t\t\t<\/div>\n\t\t\t\t<\/div>\n\t\t\t\t<div class=\"elementor-element elementor-element-05541a1 elementor-widget elementor-widget-text-editor\" data-id=\"05541a1\" data-element_type=\"widget\" data-e-type=\"widget\" data-widget_type=\"text-editor.default\">\n\t\t\t\t<div class=\"elementor-widget-container\">\n\t\t\t\t\t\t\t\t\t<p data-start=\"906\" data-end=\"1144\">Hos Curit arbejder vi for at sikre fuld compliance med <strong data-start=\"961\" data-end=\"983\">ISO\/IEC 27001:2022<\/strong> samt kravene i <strong data-start=\"999\" data-end=\"1018\">NIS2-direktivet<\/strong>, selvom vi ikke er direkte omfattet. Det g\u00f8r vi for at sikre et h\u00f8jt og dokumenteret sikkerhedsniveau i vores organisation.<\/p><p data-start=\"1146\" data-end=\"1503\">Vores ISMS (Information Security Management System) er fundamentet for vores sikkerhedsarbejde og sikrer, at informationssikkerhed er en integreret del af vores daglige drift, procedurer og processer. Samtidig arbejder vi aktivt med l\u00f8bende tr\u00e6ning og awareness-programmer for medarbejdere, s\u00e5 alle er opdateret p\u00e5 aktuelle risici, trusler og s\u00e5rbarheder.<\/p><p data-start=\"1505\" data-end=\"1652\">Dette suppleres med beredskabs\u00f8velser og kontinuerlig forbedring af vores sikkerhedspraksis, s\u00e5 vi altid er forberedte p\u00e5 nye krav og udfordringer.<\/p>\t\t\t\t\t\t\t\t<\/div>\n\t\t\t\t<\/div>\n\t\t\t\t<\/div>\n\t\t\t\t\t<\/div>\n\t\t\t\t<\/div>\n\t\t\t\t<\/div>\n\t\t<div class=\"elementor-element elementor-element-8458f83 e-con-full e-flex e-con e-child\" data-id=\"8458f83\" data-element_type=\"container\" data-e-type=\"container\">\n\t\t<div class=\"elementor-element elementor-element-612f1f0 e-con-full e-flex e-con e-child\" data-id=\"612f1f0\" data-element_type=\"container\" data-e-type=\"container\">\n\t\t\t\t<\/div>\n\t\t\t\t<\/div>\n\t\t<div class=\"elementor-element elementor-element-09fb4dd e-con-full e-flex e-con e-child\" data-id=\"09fb4dd\" data-element_type=\"container\" data-e-type=\"container\">\n\t\t<div class=\"elementor-element elementor-element-3138e33 e-con-full e-flex e-con e-child\" data-id=\"3138e33\" data-element_type=\"container\" data-e-type=\"container\">\n\t\t\t\t<div class=\"elementor-element elementor-element-a102eb1 elementor-widget elementor-widget-spacer\" data-id=\"a102eb1\" data-element_type=\"widget\" data-e-type=\"widget\" data-widget_type=\"spacer.default\">\n\t\t\t\t<div class=\"elementor-widget-container\">\n\t\t\t\t\t\t\t<div class=\"elementor-spacer\">\n\t\t\t<div class=\"elementor-spacer-inner\"><\/div>\n\t\t<\/div>\n\t\t\t\t\t\t<\/div>\n\t\t\t\t<\/div>\n\t\t\t\t<\/div>\n\t\t\t\t<\/div>\n\t\t\t\t<\/div>\n\t\t<div class=\"elementor-element elementor-element-532a3df e-flex e-con-boxed e-con e-parent\" data-id=\"532a3df\" data-element_type=\"container\" data-e-type=\"container\">\n\t\t\t\t\t<div class=\"e-con-inner\">\n\t\t<div class=\"elementor-element elementor-element-da9c5eb e-con-full e-flex e-con e-child\" data-id=\"da9c5eb\" data-element_type=\"container\" data-e-type=\"container\">\n\t\t<div class=\"elementor-element elementor-element-f3c5cf4 e-con-full e-flex e-con e-child\" data-id=\"f3c5cf4\" data-element_type=\"container\" data-e-type=\"container\" data-settings=\"{&quot;background_background&quot;:&quot;classic&quot;}\">\n\t\t<div class=\"elementor-element elementor-element-dc6a7e8 e-con-full e-flex e-con e-child\" data-id=\"dc6a7e8\" data-element_type=\"container\" data-e-type=\"container\">\n\t\t<div class=\"elementor-element elementor-element-6321d92 e-con-full e-flex e-con e-child\" data-id=\"6321d92\" data-element_type=\"container\" data-e-type=\"container\">\n\t\t\t\t<div class=\"elementor-element elementor-element-82feda0 elementor-widget elementor-widget-heading\" data-id=\"82feda0\" data-element_type=\"widget\" data-e-type=\"widget\" data-widget_type=\"heading.default\">\n\t\t\t\t<div class=\"elementor-widget-container\">\n\t\t\t\t\t<h2 class=\"elementor-heading-title elementor-size-default\">F\u00e5 mere ud af jeres IFS-l\u00f8sning<\/h2>\t\t\t\t<\/div>\n\t\t\t\t<\/div>\n\t\t\t\t<div class=\"elementor-element elementor-element-4fee7b9 elementor-widget elementor-widget-text-editor\" data-id=\"4fee7b9\" data-element_type=\"widget\" data-e-type=\"widget\" data-widget_type=\"text-editor.default\">\n\t\t\t\t<div class=\"elementor-widget-container\">\n\t\t\t\t\t\t\t\t\t<p>Vi hj\u00e6lper virksomheder med at tilpasse og optimere IFS, s\u00e5 det underst\u00f8tter forretningen i praksis. Med fokus p\u00e5 stabile l\u00f8sninger, effektive arbejdsgange og t\u00e6t samarbejde sikrer vi, at systemet skaber v\u00e6rdi \u2013 b\u00e5de i drift og p\u00e5 sigt.<\/p><p>Kontakt os, hvis I vil h\u00f8re mere om, hvordan vi arbejder.<\/p>\t\t\t\t\t\t\t\t<\/div>\n\t\t\t\t<\/div>\n\t\t\t\t<div class=\"elementor-element elementor-element-b1b2b13 elementor-mobile-align-justify elementor-widget elementor-widget-button\" data-id=\"b1b2b13\" data-element_type=\"widget\" data-e-type=\"widget\" data-widget_type=\"button.default\">\n\t\t\t\t<div class=\"elementor-widget-container\">\n\t\t\t\t\t\t\t\t\t<div class=\"elementor-button-wrapper\">\n\t\t\t\t\t<a class=\"elementor-button elementor-button-link elementor-size-sm\" href=\"https:\/\/curit.auxodev2.dk\/en\/kontakt\/\">\n\t\t\t\t\t\t<span class=\"elementor-button-content-wrapper\">\n\t\t\t\t\t\t\t\t\t<span class=\"elementor-button-text\">Kontakt Curit<\/span>\n\t\t\t\t\t<\/span>\n\t\t\t\t\t<\/a>\n\t\t\t\t<\/div>\n\t\t\t\t\t\t\t\t<\/div>\n\t\t\t\t<\/div>\n\t\t\t\t<\/div>\n\t\t<div class=\"elementor-element elementor-element-6a01341 e-con-full e-flex e-con e-child\" data-id=\"6a01341\" data-element_type=\"container\" data-e-type=\"container\">\n\t\t\t\t<div class=\"elementor-element elementor-element-8964538 elementor-widget elementor-widget-image\" data-id=\"8964538\" data-element_type=\"widget\" data-e-type=\"widget\" data-widget_type=\"image.default\">\n\t\t\t\t<div class=\"elementor-widget-container\">\n\t\t\t\t\t\t\t\t\t\t\t\t\t\t\t<img decoding=\"async\" width=\"800\" height=\"534\" src=\"https:\/\/curit.auxodev2.dk\/wp-content\/uploads\/Curit_stemning_dag2-039-1024x683.jpg\" class=\"attachment-large size-large wp-image-3067\" alt=\"\" srcset=\"https:\/\/curit.auxodev2.dk\/wp-content\/uploads\/Curit_stemning_dag2-039-1024x683.jpg 1024w, https:\/\/curit.auxodev2.dk\/wp-content\/uploads\/Curit_stemning_dag2-039-300x200.jpg 300w, https:\/\/curit.auxodev2.dk\/wp-content\/uploads\/Curit_stemning_dag2-039-768x512.jpg 768w, https:\/\/curit.auxodev2.dk\/wp-content\/uploads\/Curit_stemning_dag2-039-1536x1024.jpg 1536w, https:\/\/curit.auxodev2.dk\/wp-content\/uploads\/Curit_stemning_dag2-039-scaled.jpg 2048w, https:\/\/curit.auxodev2.dk\/wp-content\/uploads\/Curit_stemning_dag2-039-18x12.jpg 18w\" sizes=\"(max-width: 800px) 100vw, 800px\" \/>\t\t\t\t\t\t\t\t\t\t\t\t\t\t\t<\/div>\n\t\t\t\t<\/div>\n\t\t\t\t<\/div>\n\t\t\t\t<\/div>\n\t\t\t\t<\/div>\n\t\t\t\t<\/div>\n\t\t\t\t\t<\/div>\n\t\t\t\t<\/div>\n\t\t<div class=\"elementor-element elementor-element-cbb7b72 e-flex e-con-boxed e-con e-parent\" data-id=\"cbb7b72\" data-element_type=\"container\" data-e-type=\"container\">\n\t\t\t\t\t<div class=\"e-con-inner\">\n\t\t\t\t<div class=\"elementor-element elementor-element-a423e01 elementor-widget elementor-widget-spacer\" data-id=\"a423e01\" data-element_type=\"widget\" data-e-type=\"widget\" data-widget_type=\"spacer.default\">\n\t\t\t\t<div class=\"elementor-widget-container\">\n\t\t\t\t\t\t\t<div class=\"elementor-spacer\">\n\t\t\t<div class=\"elementor-spacer-inner\"><\/div>\n\t\t<\/div>\n\t\t\t\t\t\t<\/div>\n\t\t\t\t<\/div>\n\t\t\t\t\t<\/div>\n\t\t\t\t<\/div>\n\t\t\t\t<\/div>","protected":false},"excerpt":{"rendered":"<p>IT sikkerhed og GDPR Vi beskytter information \u2013 b\u00e5de vores egen og vores kunders Informationssikkerhed hos Curit Data er en af de vigtigste aktiver i moderne virksomheder, og som specialiseret leverand\u00f8r af ERP-l\u00f8sninger arbejder Curit med b\u00e5de interne data og data fra vores kunder og samarbejdspartnere. Derfor har vi en sikker og ansvarlig tilgang til [&hellip;]<\/p>\n","protected":false},"author":1,"featured_media":0,"parent":1064,"menu_order":0,"comment_status":"closed","ping_status":"closed","template":"","meta":{"_acf_changed":false,"footnotes":""},"class_list":["post-3208","page","type-page","status-publish","hentry"],"acf":[],"yoast_head":"<!-- This site is optimized with the Yoast SEO plugin v27.3 - https:\/\/yoast.com\/product\/yoast-seo-wordpress\/ -->\n<title>IT Sikkerhed og GDPR - Curit<\/title>\n<meta name=\"robots\" content=\"noindex, follow, max-snippet:-1, max-image-preview:large, max-video-preview:-1\" \/>\n<meta property=\"og:locale\" content=\"en_GB\" \/>\n<meta property=\"og:type\" content=\"article\" \/>\n<meta property=\"og:title\" content=\"IT Sikkerhed og GDPR - Curit\" \/>\n<meta property=\"og:description\" content=\"IT sikkerhed og GDPR Vi beskytter information \u2013 b\u00e5de vores egen og vores kunders Informationssikkerhed hos Curit Data er en af de vigtigste aktiver i moderne virksomheder, og som specialiseret leverand\u00f8r af ERP-l\u00f8sninger arbejder Curit med b\u00e5de interne data og data fra vores kunder og samarbejdspartnere. Derfor har vi en sikker og ansvarlig tilgang til [&hellip;]\" \/>\n<meta property=\"og:url\" content=\"https:\/\/curit.auxodev2.dk\/en\/om-curit\/day-to-day\/\" \/>\n<meta property=\"og:site_name\" content=\"Curit\" \/>\n<meta property=\"article:modified_time\" content=\"2026-03-30T07:24:31+00:00\" \/>\n<meta property=\"og:image\" content=\"https:\/\/curit.auxodev2.dk\/wp-content\/uploads\/pexels-pixabay-60504-1-scaled.jpg\" \/>\n\t<meta property=\"og:image:width\" content=\"2048\" \/>\n\t<meta property=\"og:image:height\" content=\"1365\" \/>\n\t<meta property=\"og:image:type\" content=\"image\/jpeg\" \/>\n<meta name=\"twitter:card\" content=\"summary_large_image\" \/>\n<meta name=\"twitter:label1\" content=\"Estimated reading time\" \/>\n\t<meta name=\"twitter:data1\" content=\"3 minutes\" \/>\n<script type=\"application\/ld+json\" class=\"yoast-schema-graph\">{\"@context\":\"https:\\\/\\\/schema.org\",\"@graph\":[{\"@type\":\"WebPage\",\"@id\":\"https:\\\/\\\/curit.auxodev2.dk\\\/om-curit\\\/day-to-day\\\/\",\"url\":\"https:\\\/\\\/curit.auxodev2.dk\\\/om-curit\\\/day-to-day\\\/\",\"name\":\"IT Sikkerhed og GDPR - Curit\",\"isPartOf\":{\"@id\":\"https:\\\/\\\/curit.auxodev2.dk\\\/#website\"},\"primaryImageOfPage\":{\"@id\":\"https:\\\/\\\/curit.auxodev2.dk\\\/om-curit\\\/day-to-day\\\/#primaryimage\"},\"image\":{\"@id\":\"https:\\\/\\\/curit.auxodev2.dk\\\/om-curit\\\/day-to-day\\\/#primaryimage\"},\"thumbnailUrl\":\"https:\\\/\\\/curit.auxodev2.dk\\\/wp-content\\\/uploads\\\/pexels-pixabay-60504-1-scaled.jpg\",\"datePublished\":\"2025-10-29T12:24:21+00:00\",\"dateModified\":\"2026-03-30T07:24:31+00:00\",\"breadcrumb\":{\"@id\":\"https:\\\/\\\/curit.auxodev2.dk\\\/om-curit\\\/day-to-day\\\/#breadcrumb\"},\"inLanguage\":\"en-GB\",\"potentialAction\":[{\"@type\":\"ReadAction\",\"target\":[\"https:\\\/\\\/curit.auxodev2.dk\\\/om-curit\\\/day-to-day\\\/\"]}]},{\"@type\":\"ImageObject\",\"inLanguage\":\"en-GB\",\"@id\":\"https:\\\/\\\/curit.auxodev2.dk\\\/om-curit\\\/day-to-day\\\/#primaryimage\",\"url\":\"https:\\\/\\\/curit.auxodev2.dk\\\/wp-content\\\/uploads\\\/pexels-pixabay-60504-1-scaled.jpg\",\"contentUrl\":\"https:\\\/\\\/curit.auxodev2.dk\\\/wp-content\\\/uploads\\\/pexels-pixabay-60504-1-scaled.jpg\"},{\"@type\":\"BreadcrumbList\",\"@id\":\"https:\\\/\\\/curit.auxodev2.dk\\\/om-curit\\\/day-to-day\\\/#breadcrumb\",\"itemListElement\":[{\"@type\":\"ListItem\",\"position\":1,\"name\":\"Om Curit\",\"item\":\"https:\\\/\\\/curit.auxodev2.dk\\\/om-curit\\\/\"},{\"@type\":\"ListItem\",\"position\":2,\"name\":\"IT Sikkerhed og GDPR\"}]},{\"@type\":\"WebSite\",\"@id\":\"https:\\\/\\\/curit.auxodev2.dk\\\/#website\",\"url\":\"https:\\\/\\\/curit.auxodev2.dk\\\/\",\"name\":\"Curit\",\"description\":\"\",\"publisher\":{\"@id\":\"https:\\\/\\\/curit.auxodev2.dk\\\/#organization\"},\"potentialAction\":[{\"@type\":\"SearchAction\",\"target\":{\"@type\":\"EntryPoint\",\"urlTemplate\":\"https:\\\/\\\/curit.auxodev2.dk\\\/?s={search_term_string}\"},\"query-input\":{\"@type\":\"PropertyValueSpecification\",\"valueRequired\":true,\"valueName\":\"search_term_string\"}}],\"inLanguage\":\"en-GB\"},{\"@type\":\"Organization\",\"@id\":\"https:\\\/\\\/curit.auxodev2.dk\\\/#organization\",\"name\":\"Curit\",\"url\":\"https:\\\/\\\/curit.auxodev2.dk\\\/\",\"logo\":{\"@type\":\"ImageObject\",\"inLanguage\":\"en-GB\",\"@id\":\"https:\\\/\\\/curit.auxodev2.dk\\\/#\\\/schema\\\/logo\\\/image\\\/\",\"url\":\"https:\\\/\\\/curit.auxodev2.dk\\\/wp-content\\\/uploads\\\/curit-logo-sort.svg\",\"contentUrl\":\"https:\\\/\\\/curit.auxodev2.dk\\\/wp-content\\\/uploads\\\/curit-logo-sort.svg\",\"width\":272,\"height\":54,\"caption\":\"Curit\"},\"image\":{\"@id\":\"https:\\\/\\\/curit.auxodev2.dk\\\/#\\\/schema\\\/logo\\\/image\\\/\"}}]}<\/script>\n<!-- \/ Yoast SEO plugin. -->","yoast_head_json":{"title":"IT Sikkerhed og GDPR - Curit","robots":{"index":"noindex","follow":"follow","max-snippet":"max-snippet:-1","max-image-preview":"max-image-preview:large","max-video-preview":"max-video-preview:-1"},"og_locale":"en_GB","og_type":"article","og_title":"IT Sikkerhed og GDPR - Curit","og_description":"IT sikkerhed og GDPR Vi beskytter information \u2013 b\u00e5de vores egen og vores kunders Informationssikkerhed hos Curit Data er en af de vigtigste aktiver i moderne virksomheder, og som specialiseret leverand\u00f8r af ERP-l\u00f8sninger arbejder Curit med b\u00e5de interne data og data fra vores kunder og samarbejdspartnere. Derfor har vi en sikker og ansvarlig tilgang til [&hellip;]","og_url":"https:\/\/curit.auxodev2.dk\/en\/om-curit\/day-to-day\/","og_site_name":"Curit","article_modified_time":"2026-03-30T07:24:31+00:00","og_image":[{"width":2048,"height":1365,"url":"https:\/\/curit.auxodev2.dk\/wp-content\/uploads\/pexels-pixabay-60504-1-scaled.jpg","type":"image\/jpeg"}],"twitter_card":"summary_large_image","twitter_misc":{"Estimated reading time":"3 minutes"},"schema":{"@context":"https:\/\/schema.org","@graph":[{"@type":"WebPage","@id":"https:\/\/curit.auxodev2.dk\/om-curit\/day-to-day\/","url":"https:\/\/curit.auxodev2.dk\/om-curit\/day-to-day\/","name":"IT Sikkerhed og GDPR - Curit","isPartOf":{"@id":"https:\/\/curit.auxodev2.dk\/#website"},"primaryImageOfPage":{"@id":"https:\/\/curit.auxodev2.dk\/om-curit\/day-to-day\/#primaryimage"},"image":{"@id":"https:\/\/curit.auxodev2.dk\/om-curit\/day-to-day\/#primaryimage"},"thumbnailUrl":"https:\/\/curit.auxodev2.dk\/wp-content\/uploads\/pexels-pixabay-60504-1-scaled.jpg","datePublished":"2025-10-29T12:24:21+00:00","dateModified":"2026-03-30T07:24:31+00:00","breadcrumb":{"@id":"https:\/\/curit.auxodev2.dk\/om-curit\/day-to-day\/#breadcrumb"},"inLanguage":"en-GB","potentialAction":[{"@type":"ReadAction","target":["https:\/\/curit.auxodev2.dk\/om-curit\/day-to-day\/"]}]},{"@type":"ImageObject","inLanguage":"en-GB","@id":"https:\/\/curit.auxodev2.dk\/om-curit\/day-to-day\/#primaryimage","url":"https:\/\/curit.auxodev2.dk\/wp-content\/uploads\/pexels-pixabay-60504-1-scaled.jpg","contentUrl":"https:\/\/curit.auxodev2.dk\/wp-content\/uploads\/pexels-pixabay-60504-1-scaled.jpg"},{"@type":"BreadcrumbList","@id":"https:\/\/curit.auxodev2.dk\/om-curit\/day-to-day\/#breadcrumb","itemListElement":[{"@type":"ListItem","position":1,"name":"Om Curit","item":"https:\/\/curit.auxodev2.dk\/om-curit\/"},{"@type":"ListItem","position":2,"name":"IT Sikkerhed og GDPR"}]},{"@type":"WebSite","@id":"https:\/\/curit.auxodev2.dk\/#website","url":"https:\/\/curit.auxodev2.dk\/","name":"Curit","description":"","publisher":{"@id":"https:\/\/curit.auxodev2.dk\/#organization"},"potentialAction":[{"@type":"SearchAction","target":{"@type":"EntryPoint","urlTemplate":"https:\/\/curit.auxodev2.dk\/?s={search_term_string}"},"query-input":{"@type":"PropertyValueSpecification","valueRequired":true,"valueName":"search_term_string"}}],"inLanguage":"en-GB"},{"@type":"Organization","@id":"https:\/\/curit.auxodev2.dk\/#organization","name":"Curit","url":"https:\/\/curit.auxodev2.dk\/","logo":{"@type":"ImageObject","inLanguage":"en-GB","@id":"https:\/\/curit.auxodev2.dk\/#\/schema\/logo\/image\/","url":"https:\/\/curit.auxodev2.dk\/wp-content\/uploads\/curit-logo-sort.svg","contentUrl":"https:\/\/curit.auxodev2.dk\/wp-content\/uploads\/curit-logo-sort.svg","width":272,"height":54,"caption":"Curit"},"image":{"@id":"https:\/\/curit.auxodev2.dk\/#\/schema\/logo\/image\/"}}]}},"_links":{"self":[{"href":"https:\/\/curit.auxodev2.dk\/en\/wp-json\/wp\/v2\/pages\/3208","targetHints":{"allow":["GET"]}}],"collection":[{"href":"https:\/\/curit.auxodev2.dk\/en\/wp-json\/wp\/v2\/pages"}],"about":[{"href":"https:\/\/curit.auxodev2.dk\/en\/wp-json\/wp\/v2\/types\/page"}],"author":[{"embeddable":true,"href":"https:\/\/curit.auxodev2.dk\/en\/wp-json\/wp\/v2\/users\/1"}],"replies":[{"embeddable":true,"href":"https:\/\/curit.auxodev2.dk\/en\/wp-json\/wp\/v2\/comments?post=3208"}],"version-history":[{"count":20,"href":"https:\/\/curit.auxodev2.dk\/en\/wp-json\/wp\/v2\/pages\/3208\/revisions"}],"predecessor-version":[{"id":4196,"href":"https:\/\/curit.auxodev2.dk\/en\/wp-json\/wp\/v2\/pages\/3208\/revisions\/4196"}],"up":[{"embeddable":true,"href":"https:\/\/curit.auxodev2.dk\/en\/wp-json\/wp\/v2\/pages\/1064"}],"wp:attachment":[{"href":"https:\/\/curit.auxodev2.dk\/en\/wp-json\/wp\/v2\/media?parent=3208"}],"curies":[{"name":"wp","href":"https:\/\/api.w.org\/{rel}","templated":true}]}}