{"id":3451,"date":"2026-02-14T10:19:51","date_gmt":"2026-02-14T09:19:51","guid":{"rendered":"https:\/\/curit.auxodev2.dk\/?page_id=3451"},"modified":"2026-03-30T11:35:56","modified_gmt":"2026-03-30T09:35:56","slug":"baeredygtighed","status":"publish","type":"page","link":"https:\/\/curit.auxodev2.dk\/en\/om-curit\/baeredygtighed\/","title":{"rendered":"B\u00e6redygtighed"},"content":{"rendered":"<div data-elementor-type=\"wp-page\" data-elementor-id=\"3451\" class=\"elementor elementor-3451\" data-elementor-post-type=\"page\">\n\t\t\t\t<div class=\"elementor-element elementor-element-2bfea5b e-con-full e-flex e-con e-parent\" data-id=\"2bfea5b\" data-element_type=\"container\" data-e-type=\"container\">\n\t\t<div class=\"elementor-element elementor-element-ec5e649 e-flex e-con-boxed e-con e-child\" data-id=\"ec5e649\" data-element_type=\"container\" data-e-type=\"container\" data-settings=\"{&quot;background_background&quot;:&quot;classic&quot;}\">\n\t\t\t\t\t<div class=\"e-con-inner\">\n\t\t\t\t<div class=\"elementor-element elementor-element-f321b27 elementor-invisible elementor-widget elementor-widget-heading\" data-id=\"f321b27\" data-element_type=\"widget\" data-e-type=\"widget\" data-settings=\"{&quot;_animation&quot;:&quot;fadeInUp&quot;}\" data-widget_type=\"heading.default\">\n\t\t\t\t<div class=\"elementor-widget-container\">\n\t\t\t\t\t<h1 class=\"elementor-heading-title elementor-size-default\">B\u00e6redygtighed<\/h1>\t\t\t\t<\/div>\n\t\t\t\t<\/div>\n\t\t\t\t<div class=\"elementor-element elementor-element-6180dd3 elementor-invisible elementor-widget elementor-widget-heading\" data-id=\"6180dd3\" data-element_type=\"widget\" data-e-type=\"widget\" data-settings=\"{&quot;_animation&quot;:&quot;fadeIn&quot;,&quot;_animation_delay&quot;:300}\" data-widget_type=\"heading.default\">\n\t\t\t\t<div class=\"elementor-widget-container\">\n\t\t\t\t\t<h5 class=\"elementor-heading-title elementor-size-default\">Vi arbejder aktivt med ansvarlig drift og datadrevet b\u00e6redygtighed<\/h5>\t\t\t\t<\/div>\n\t\t\t\t<\/div>\n\t\t\t\t\t<\/div>\n\t\t\t\t<\/div>\n\t\t<div class=\"elementor-element elementor-element-f08d98c e-con-full e-flex e-con e-child\" data-id=\"f08d98c\" data-element_type=\"container\" data-e-type=\"container\">\n\t\t\t\t<div class=\"elementor-element elementor-element-9a5f9e3 elementor-widget elementor-widget-spacer\" data-id=\"9a5f9e3\" data-element_type=\"widget\" data-e-type=\"widget\" data-widget_type=\"spacer.default\">\n\t\t\t\t<div class=\"elementor-widget-container\">\n\t\t\t\t\t\t\t<div class=\"elementor-spacer\">\n\t\t\t<div class=\"elementor-spacer-inner\"><\/div>\n\t\t<\/div>\n\t\t\t\t\t\t<\/div>\n\t\t\t\t<\/div>\n\t\t\t\t<\/div>\n\t\t<div class=\"elementor-element elementor-element-9f08c39 e-flex e-con-boxed e-con e-child\" data-id=\"9f08c39\" data-element_type=\"container\" data-e-type=\"container\">\n\t\t\t\t\t<div class=\"e-con-inner\">\n\t\t\t\t<div class=\"elementor-element elementor-element-33e13a6 elementor-widget__width-initial elementor-widget elementor-widget-image\" data-id=\"33e13a6\" data-element_type=\"widget\" data-e-type=\"widget\" data-widget_type=\"image.default\">\n\t\t\t\t<div class=\"elementor-widget-container\">\n\t\t\t\t\t\t\t\t\t\t\t\t\t\t\t<img fetchpriority=\"high\" decoding=\"async\" width=\"2048\" height=\"1365\" src=\"https:\/\/curit.auxodev2.dk\/wp-content\/uploads\/Curit_stemning_dag2-091-scaled.jpg\" class=\"attachment-full size-full wp-image-3901\" alt=\"\" srcset=\"https:\/\/curit.auxodev2.dk\/wp-content\/uploads\/Curit_stemning_dag2-091-scaled.jpg 2048w, https:\/\/curit.auxodev2.dk\/wp-content\/uploads\/Curit_stemning_dag2-091-300x200.jpg 300w, https:\/\/curit.auxodev2.dk\/wp-content\/uploads\/Curit_stemning_dag2-091-1024x683.jpg 1024w, https:\/\/curit.auxodev2.dk\/wp-content\/uploads\/Curit_stemning_dag2-091-768x512.jpg 768w, https:\/\/curit.auxodev2.dk\/wp-content\/uploads\/Curit_stemning_dag2-091-1536x1024.jpg 1536w, https:\/\/curit.auxodev2.dk\/wp-content\/uploads\/Curit_stemning_dag2-091-18x12.jpg 18w\" sizes=\"(max-width: 2048px) 100vw, 2048px\" \/>\t\t\t\t\t\t\t\t\t\t\t\t\t\t\t<\/div>\n\t\t\t\t<\/div>\n\t\t<div class=\"elementor-element elementor-element-27972cc e-con-full e-flex e-con e-child\" data-id=\"27972cc\" data-element_type=\"container\" data-e-type=\"container\" data-settings=\"{&quot;background_background&quot;:&quot;classic&quot;}\">\n\t\t<div class=\"elementor-element elementor-element-74d6af0 e-con-full e-flex elementor-invisible e-con e-child\" data-id=\"74d6af0\" data-element_type=\"container\" data-e-type=\"container\" data-settings=\"{&quot;animation&quot;:&quot;fadeInRight&quot;}\">\n\t\t\t\t<div class=\"elementor-element elementor-element-65c0edb elementor-widget elementor-widget-heading\" data-id=\"65c0edb\" data-element_type=\"widget\" data-e-type=\"widget\" data-widget_type=\"heading.default\">\n\t\t\t\t<div class=\"elementor-widget-container\">\n\t\t\t\t\t<h5 class=\"elementor-heading-title elementor-size-default\">Vores indsats for klima og milj\u00f8<\/h5>\t\t\t\t<\/div>\n\t\t\t\t<\/div>\n\t\t\t\t<div class=\"elementor-element elementor-element-ca122eb elementor-widget elementor-widget-text-editor\" data-id=\"ca122eb\" data-element_type=\"widget\" data-e-type=\"widget\" data-widget_type=\"text-editor.default\">\n\t\t\t\t<div class=\"elementor-widget-container\">\n\t\t\t\t\t\t\t\t\t<p data-start=\"213\" data-end=\"448\">Hos Curit arbejder vi aktivt med at forst\u00e5 og reducere vores milj\u00f8p\u00e5virkning. Vi har udarbejdet vores f\u00f8rste klimaregnskab for at skabe overblik over vores CO\u2082-udledning og identificere de omr\u00e5der, hvor vi kan g\u00f8re den st\u00f8rste forskel.<\/p><p data-start=\"450\" data-end=\"755\">Som konsulentvirksomhed ligger st\u00f8rstedelen af vores klimaaftryk i indirekte udledninger \u2013 eksempelvis transport, indk\u00f8b og IT-infrastruktur. Derfor har vi fokus p\u00e5 energieffektivt udstyr, gr\u00f8n str\u00f8m i vores hostingmilj\u00f8er og mere b\u00e6redygtige arbejdsm\u00f8nstre, herunder fleksibilitet og reduceret transport.<\/p>\t\t\t\t\t\t\t\t<\/div>\n\t\t\t\t<\/div>\n\t\t\t\t<div class=\"elementor-element elementor-element-6723520 elementor-mobile-align-justify elementor-widget elementor-widget-button\" data-id=\"6723520\" data-element_type=\"widget\" data-e-type=\"widget\" data-widget_type=\"button.default\">\n\t\t\t\t<div class=\"elementor-widget-container\">\n\t\t\t\t\t\t\t\t\t<div class=\"elementor-button-wrapper\">\n\t\t\t\t\t<a class=\"elementor-button elementor-button-link elementor-size-sm\" href=\"https:\/\/curit.auxodev2.dk\/en\/kontakt\/\">\n\t\t\t\t\t\t<span class=\"elementor-button-content-wrapper\">\n\t\t\t\t\t\t\t\t\t<span class=\"elementor-button-text\">Kontakt os<\/span>\n\t\t\t\t\t<\/span>\n\t\t\t\t\t<\/a>\n\t\t\t\t<\/div>\n\t\t\t\t\t\t\t\t<\/div>\n\t\t\t\t<\/div>\n\t\t\t\t<\/div>\n\t\t\t\t<\/div>\n\t\t\t\t<div class=\"elementor-element elementor-element-ba9fc23 elementor-widget elementor-widget-spacer\" data-id=\"ba9fc23\" data-element_type=\"widget\" data-e-type=\"widget\" data-widget_type=\"spacer.default\">\n\t\t\t\t<div class=\"elementor-widget-container\">\n\t\t\t\t\t\t\t<div class=\"elementor-spacer\">\n\t\t\t<div class=\"elementor-spacer-inner\"><\/div>\n\t\t<\/div>\n\t\t\t\t\t\t<\/div>\n\t\t\t\t<\/div>\n\t\t\t\t\t<\/div>\n\t\t\t\t<\/div>\n\t\t<div class=\"elementor-element elementor-element-ca7a5d1 e-con-full e-flex e-con e-child\" data-id=\"ca7a5d1\" data-element_type=\"container\" data-e-type=\"container\">\n\t\t<div class=\"elementor-element elementor-element-f6a9d5b e-flex e-con-boxed e-con e-child\" data-id=\"f6a9d5b\" data-element_type=\"container\" data-e-type=\"container\" data-settings=\"{&quot;background_background&quot;:&quot;slideshow&quot;,&quot;background_slideshow_gallery&quot;:[],&quot;background_slideshow_loop&quot;:&quot;yes&quot;,&quot;background_slideshow_slide_duration&quot;:5000,&quot;background_slideshow_slide_transition&quot;:&quot;fade&quot;,&quot;background_slideshow_transition_duration&quot;:500}\">\n\t\t\t\t\t<div class=\"e-con-inner\">\n\t\t<div class=\"elementor-element elementor-element-a9109f0 e-con-full e-flex elementor-invisible e-con e-child\" data-id=\"a9109f0\" data-element_type=\"container\" data-e-type=\"container\" data-settings=\"{&quot;animation&quot;:&quot;fadeInLeft&quot;}\">\n\t\t\t\t<\/div>\n\t\t<div class=\"elementor-element elementor-element-9b4e5dd e-con-full e-flex elementor-invisible e-con e-child\" data-id=\"9b4e5dd\" data-element_type=\"container\" data-e-type=\"container\" data-settings=\"{&quot;animation&quot;:&quot;fadeInRight&quot;}\">\n\t\t\t\t<div class=\"elementor-element elementor-element-c3a9015 elementor-widget elementor-widget-heading\" data-id=\"c3a9015\" data-element_type=\"widget\" data-e-type=\"widget\" data-widget_type=\"heading.default\">\n\t\t\t\t<div class=\"elementor-widget-container\">\n\t\t\t\t\t<h2 class=\"elementor-heading-title elementor-size-default\">Ansvarlig forretning og st\u00e6rk kultur<\/h2>\t\t\t\t<\/div>\n\t\t\t\t<\/div>\n\t\t\t\t<div class=\"elementor-element elementor-element-a92be0f elementor-widget elementor-widget-text-editor\" data-id=\"a92be0f\" data-element_type=\"widget\" data-e-type=\"widget\" data-widget_type=\"text-editor.default\">\n\t\t\t\t<div class=\"elementor-widget-container\">\n\t\t\t\t\t\t\t\t\t<p data-start=\"802\" data-end=\"996\">B\u00e6redygtighed handler for os ogs\u00e5 om mennesker og ansvarlig ledelse. Vi arbejder for et inkluderende arbejdsmilj\u00f8 med fokus p\u00e5 trivsel, faglig udvikling og lige muligheder for alle medarbejdere.<\/p><p data-start=\"998\" data-end=\"1304\">Samtidig prioriterer vi transparens og ansvarlig virksomhedsdrift i vores samarbejder og beslutningsprocesser. Som ERP-konsulenthus har vi desuden en s\u00e6rlig mulighed for at hj\u00e6lpe vores kunder med at strukturere og arbejde aktivt med ESG-data, s\u00e5 b\u00e6redygtighed bliver en integreret del af deres forretning.<\/p>\t\t\t\t\t\t\t\t<\/div>\n\t\t\t\t<\/div>\n\t\t\t\t<\/div>\n\t\t\t\t\t<\/div>\n\t\t\t\t<\/div>\n\t\t\t\t<\/div>\n\t\t<div class=\"elementor-element elementor-element-82248e4 e-con-full e-flex e-con e-child\" data-id=\"82248e4\" data-element_type=\"container\" data-e-type=\"container\">\n\t\t<div class=\"elementor-element elementor-element-256bc24 e-con-full e-flex e-con e-child\" data-id=\"256bc24\" data-element_type=\"container\" data-e-type=\"container\">\n\t\t\t\t<div class=\"elementor-element elementor-element-2abe590 elementor-widget elementor-widget-spacer\" data-id=\"2abe590\" data-element_type=\"widget\" data-e-type=\"widget\" data-widget_type=\"spacer.default\">\n\t\t\t\t<div class=\"elementor-widget-container\">\n\t\t\t\t\t\t\t<div class=\"elementor-spacer\">\n\t\t\t<div class=\"elementor-spacer-inner\"><\/div>\n\t\t<\/div>\n\t\t\t\t\t\t<\/div>\n\t\t\t\t<\/div>\n\t\t\t\t<\/div>\n\t\t\t\t<\/div>\n\t\t\t\t<\/div>\n\t\t<div class=\"elementor-element elementor-element-9543f37 e-flex e-con-boxed e-con e-parent\" data-id=\"9543f37\" data-element_type=\"container\" data-e-type=\"container\">\n\t\t\t\t\t<div class=\"e-con-inner\">\n\t\t<div class=\"elementor-element elementor-element-675817f e-con-full e-flex e-con e-child\" data-id=\"675817f\" data-element_type=\"container\" data-e-type=\"container\">\n\t\t<div class=\"elementor-element elementor-element-7062f5f e-con-full e-flex e-con e-child\" data-id=\"7062f5f\" data-element_type=\"container\" data-e-type=\"container\" data-settings=\"{&quot;background_background&quot;:&quot;classic&quot;}\">\n\t\t<div class=\"elementor-element elementor-element-4f77e77 e-con-full e-flex e-con e-child\" data-id=\"4f77e77\" data-element_type=\"container\" data-e-type=\"container\">\n\t\t<div class=\"elementor-element elementor-element-dc91a7c e-con-full e-flex e-con e-child\" data-id=\"dc91a7c\" data-element_type=\"container\" data-e-type=\"container\">\n\t\t\t\t<div class=\"elementor-element elementor-element-e38156b elementor-widget elementor-widget-heading\" data-id=\"e38156b\" data-element_type=\"widget\" data-e-type=\"widget\" data-widget_type=\"heading.default\">\n\t\t\t\t<div class=\"elementor-widget-container\">\n\t\t\t\t\t<h2 class=\"elementor-heading-title elementor-size-default\">F\u00e5 mere ud af jeres IFS-l\u00f8sning<\/h2>\t\t\t\t<\/div>\n\t\t\t\t<\/div>\n\t\t\t\t<div class=\"elementor-element elementor-element-5f1a5ec elementor-widget elementor-widget-text-editor\" data-id=\"5f1a5ec\" data-element_type=\"widget\" data-e-type=\"widget\" data-widget_type=\"text-editor.default\">\n\t\t\t\t<div class=\"elementor-widget-container\">\n\t\t\t\t\t\t\t\t\t<p>Vi hj\u00e6lper virksomheder med at tilpasse og optimere IFS, s\u00e5 det underst\u00f8tter forretningen i praksis. Med fokus p\u00e5 stabile l\u00f8sninger, effektive arbejdsgange og t\u00e6t samarbejde sikrer vi, at systemet skaber v\u00e6rdi \u2013 b\u00e5de i drift og p\u00e5 sigt.<\/p><p>Kontakt os, hvis I vil h\u00f8re mere om, hvordan vi arbejder.<\/p>\t\t\t\t\t\t\t\t<\/div>\n\t\t\t\t<\/div>\n\t\t\t\t<div class=\"elementor-element elementor-element-d9d70eb elementor-mobile-align-justify elementor-widget elementor-widget-button\" data-id=\"d9d70eb\" data-element_type=\"widget\" data-e-type=\"widget\" data-widget_type=\"button.default\">\n\t\t\t\t<div class=\"elementor-widget-container\">\n\t\t\t\t\t\t\t\t\t<div class=\"elementor-button-wrapper\">\n\t\t\t\t\t<a class=\"elementor-button elementor-button-link elementor-size-sm\" href=\"https:\/\/curit.auxodev2.dk\/en\/kontakt\/\">\n\t\t\t\t\t\t<span class=\"elementor-button-content-wrapper\">\n\t\t\t\t\t\t\t\t\t<span class=\"elementor-button-text\">Kontakt Curit<\/span>\n\t\t\t\t\t<\/span>\n\t\t\t\t\t<\/a>\n\t\t\t\t<\/div>\n\t\t\t\t\t\t\t\t<\/div>\n\t\t\t\t<\/div>\n\t\t\t\t<\/div>\n\t\t<div class=\"elementor-element elementor-element-32477f8 e-con-full e-flex e-con e-child\" data-id=\"32477f8\" data-element_type=\"container\" data-e-type=\"container\">\n\t\t\t\t<div class=\"elementor-element elementor-element-3616933 elementor-widget elementor-widget-image\" data-id=\"3616933\" data-element_type=\"widget\" data-e-type=\"widget\" data-widget_type=\"image.default\">\n\t\t\t\t<div class=\"elementor-widget-container\">\n\t\t\t\t\t\t\t\t\t\t\t\t\t\t\t<img decoding=\"async\" width=\"800\" height=\"534\" src=\"https:\/\/curit.auxodev2.dk\/wp-content\/uploads\/Curit_stemning_dag2-039-1024x683.jpg\" class=\"attachment-large size-large wp-image-3067\" alt=\"\" srcset=\"https:\/\/curit.auxodev2.dk\/wp-content\/uploads\/Curit_stemning_dag2-039-1024x683.jpg 1024w, https:\/\/curit.auxodev2.dk\/wp-content\/uploads\/Curit_stemning_dag2-039-300x200.jpg 300w, https:\/\/curit.auxodev2.dk\/wp-content\/uploads\/Curit_stemning_dag2-039-768x512.jpg 768w, https:\/\/curit.auxodev2.dk\/wp-content\/uploads\/Curit_stemning_dag2-039-1536x1024.jpg 1536w, https:\/\/curit.auxodev2.dk\/wp-content\/uploads\/Curit_stemning_dag2-039-scaled.jpg 2048w, https:\/\/curit.auxodev2.dk\/wp-content\/uploads\/Curit_stemning_dag2-039-18x12.jpg 18w\" sizes=\"(max-width: 800px) 100vw, 800px\" \/>\t\t\t\t\t\t\t\t\t\t\t\t\t\t\t<\/div>\n\t\t\t\t<\/div>\n\t\t\t\t<\/div>\n\t\t\t\t<\/div>\n\t\t\t\t<\/div>\n\t\t\t\t<\/div>\n\t\t\t\t\t<\/div>\n\t\t\t\t<\/div>\n\t\t<div class=\"elementor-element elementor-element-c64564e e-flex e-con-boxed e-con e-parent\" data-id=\"c64564e\" data-element_type=\"container\" data-e-type=\"container\">\n\t\t\t\t\t<div class=\"e-con-inner\">\n\t\t\t\t<div class=\"elementor-element elementor-element-3f1bbe9 elementor-widget elementor-widget-spacer\" data-id=\"3f1bbe9\" data-element_type=\"widget\" data-e-type=\"widget\" data-widget_type=\"spacer.default\">\n\t\t\t\t<div class=\"elementor-widget-container\">\n\t\t\t\t\t\t\t<div class=\"elementor-spacer\">\n\t\t\t<div class=\"elementor-spacer-inner\"><\/div>\n\t\t<\/div>\n\t\t\t\t\t\t<\/div>\n\t\t\t\t<\/div>\n\t\t\t\t\t<\/div>\n\t\t\t\t<\/div>\n\t\t\t\t<\/div>","protected":false},"excerpt":{"rendered":"<p>B\u00e6redygtighed Vi arbejder aktivt med ansvarlig drift og datadrevet b\u00e6redygtighed Vores indsats for klima og milj\u00f8 Hos Curit arbejder vi aktivt med at forst\u00e5 og reducere vores milj\u00f8p\u00e5virkning. Vi har udarbejdet vores f\u00f8rste klimaregnskab for at skabe overblik over vores CO\u2082-udledning og identificere de omr\u00e5der, hvor vi kan g\u00f8re den st\u00f8rste forskel. Som konsulentvirksomhed ligger [&hellip;]<\/p>\n","protected":false},"author":2,"featured_media":0,"parent":1064,"menu_order":0,"comment_status":"closed","ping_status":"closed","template":"","meta":{"_acf_changed":false,"footnotes":""},"class_list":["post-3451","page","type-page","status-publish","hentry"],"acf":[],"yoast_head":"<!-- This site is optimized with the Yoast SEO plugin v27.3 - https:\/\/yoast.com\/product\/yoast-seo-wordpress\/ -->\n<title>B\u00e6redygtighed - Curit<\/title>\n<meta name=\"robots\" content=\"noindex, follow, max-snippet:-1, max-image-preview:large, max-video-preview:-1\" \/>\n<meta property=\"og:locale\" content=\"en_GB\" \/>\n<meta property=\"og:type\" content=\"article\" \/>\n<meta property=\"og:title\" content=\"B\u00e6redygtighed - Curit\" \/>\n<meta property=\"og:description\" content=\"B\u00e6redygtighed Vi arbejder aktivt med ansvarlig drift og datadrevet b\u00e6redygtighed Vores indsats for klima og milj\u00f8 Hos Curit arbejder vi aktivt med at forst\u00e5 og reducere vores milj\u00f8p\u00e5virkning. Vi har udarbejdet vores f\u00f8rste klimaregnskab for at skabe overblik over vores CO\u2082-udledning og identificere de omr\u00e5der, hvor vi kan g\u00f8re den st\u00f8rste forskel. Som konsulentvirksomhed ligger [&hellip;]\" \/>\n<meta property=\"og:url\" content=\"https:\/\/curit.auxodev2.dk\/en\/om-curit\/baeredygtighed\/\" \/>\n<meta property=\"og:site_name\" content=\"Curit\" \/>\n<meta property=\"article:modified_time\" content=\"2026-03-30T09:35:56+00:00\" \/>\n<meta property=\"og:image\" content=\"https:\/\/curit.auxodev2.dk\/wp-content\/uploads\/Curit_stemning_dag2-091-scaled.jpg\" \/>\n\t<meta property=\"og:image:width\" content=\"2048\" \/>\n\t<meta property=\"og:image:height\" content=\"1365\" \/>\n\t<meta property=\"og:image:type\" content=\"image\/jpeg\" \/>\n<meta name=\"twitter:card\" content=\"summary_large_image\" \/>\n<meta name=\"twitter:label1\" content=\"Estimated reading time\" \/>\n\t<meta name=\"twitter:data1\" content=\"2 minutes\" \/>\n<script type=\"application\/ld+json\" class=\"yoast-schema-graph\">{\"@context\":\"https:\\\/\\\/schema.org\",\"@graph\":[{\"@type\":\"WebPage\",\"@id\":\"https:\\\/\\\/curit.auxodev2.dk\\\/om-curit\\\/baeredygtighed\\\/\",\"url\":\"https:\\\/\\\/curit.auxodev2.dk\\\/om-curit\\\/baeredygtighed\\\/\",\"name\":\"B\u00e6redygtighed - Curit\",\"isPartOf\":{\"@id\":\"https:\\\/\\\/curit.auxodev2.dk\\\/#website\"},\"primaryImageOfPage\":{\"@id\":\"https:\\\/\\\/curit.auxodev2.dk\\\/om-curit\\\/baeredygtighed\\\/#primaryimage\"},\"image\":{\"@id\":\"https:\\\/\\\/curit.auxodev2.dk\\\/om-curit\\\/baeredygtighed\\\/#primaryimage\"},\"thumbnailUrl\":\"https:\\\/\\\/curit.auxodev2.dk\\\/wp-content\\\/uploads\\\/Curit_stemning_dag2-091-scaled.jpg\",\"datePublished\":\"2026-02-14T09:19:51+00:00\",\"dateModified\":\"2026-03-30T09:35:56+00:00\",\"breadcrumb\":{\"@id\":\"https:\\\/\\\/curit.auxodev2.dk\\\/om-curit\\\/baeredygtighed\\\/#breadcrumb\"},\"inLanguage\":\"en-GB\",\"potentialAction\":[{\"@type\":\"ReadAction\",\"target\":[\"https:\\\/\\\/curit.auxodev2.dk\\\/om-curit\\\/baeredygtighed\\\/\"]}]},{\"@type\":\"ImageObject\",\"inLanguage\":\"en-GB\",\"@id\":\"https:\\\/\\\/curit.auxodev2.dk\\\/om-curit\\\/baeredygtighed\\\/#primaryimage\",\"url\":\"https:\\\/\\\/curit.auxodev2.dk\\\/wp-content\\\/uploads\\\/Curit_stemning_dag2-091-scaled.jpg\",\"contentUrl\":\"https:\\\/\\\/curit.auxodev2.dk\\\/wp-content\\\/uploads\\\/Curit_stemning_dag2-091-scaled.jpg\"},{\"@type\":\"BreadcrumbList\",\"@id\":\"https:\\\/\\\/curit.auxodev2.dk\\\/om-curit\\\/baeredygtighed\\\/#breadcrumb\",\"itemListElement\":[{\"@type\":\"ListItem\",\"position\":1,\"name\":\"Om Curit\",\"item\":\"https:\\\/\\\/curit.auxodev2.dk\\\/om-curit\\\/\"},{\"@type\":\"ListItem\",\"position\":2,\"name\":\"B\u00e6redygtighed\"}]},{\"@type\":\"WebSite\",\"@id\":\"https:\\\/\\\/curit.auxodev2.dk\\\/#website\",\"url\":\"https:\\\/\\\/curit.auxodev2.dk\\\/\",\"name\":\"Curit\",\"description\":\"\",\"publisher\":{\"@id\":\"https:\\\/\\\/curit.auxodev2.dk\\\/#organization\"},\"potentialAction\":[{\"@type\":\"SearchAction\",\"target\":{\"@type\":\"EntryPoint\",\"urlTemplate\":\"https:\\\/\\\/curit.auxodev2.dk\\\/?s={search_term_string}\"},\"query-input\":{\"@type\":\"PropertyValueSpecification\",\"valueRequired\":true,\"valueName\":\"search_term_string\"}}],\"inLanguage\":\"en-GB\"},{\"@type\":\"Organization\",\"@id\":\"https:\\\/\\\/curit.auxodev2.dk\\\/#organization\",\"name\":\"Curit\",\"url\":\"https:\\\/\\\/curit.auxodev2.dk\\\/\",\"logo\":{\"@type\":\"ImageObject\",\"inLanguage\":\"en-GB\",\"@id\":\"https:\\\/\\\/curit.auxodev2.dk\\\/#\\\/schema\\\/logo\\\/image\\\/\",\"url\":\"https:\\\/\\\/curit.auxodev2.dk\\\/wp-content\\\/uploads\\\/curit-logo-sort.svg\",\"contentUrl\":\"https:\\\/\\\/curit.auxodev2.dk\\\/wp-content\\\/uploads\\\/curit-logo-sort.svg\",\"width\":272,\"height\":54,\"caption\":\"Curit\"},\"image\":{\"@id\":\"https:\\\/\\\/curit.auxodev2.dk\\\/#\\\/schema\\\/logo\\\/image\\\/\"}}]}<\/script>\n<!-- \/ Yoast SEO plugin. -->","yoast_head_json":{"title":"B\u00e6redygtighed - Curit","robots":{"index":"noindex","follow":"follow","max-snippet":"max-snippet:-1","max-image-preview":"max-image-preview:large","max-video-preview":"max-video-preview:-1"},"og_locale":"en_GB","og_type":"article","og_title":"B\u00e6redygtighed - Curit","og_description":"B\u00e6redygtighed Vi arbejder aktivt med ansvarlig drift og datadrevet b\u00e6redygtighed Vores indsats for klima og milj\u00f8 Hos Curit arbejder vi aktivt med at forst\u00e5 og reducere vores milj\u00f8p\u00e5virkning. Vi har udarbejdet vores f\u00f8rste klimaregnskab for at skabe overblik over vores CO\u2082-udledning og identificere de omr\u00e5der, hvor vi kan g\u00f8re den st\u00f8rste forskel. Som konsulentvirksomhed ligger [&hellip;]","og_url":"https:\/\/curit.auxodev2.dk\/en\/om-curit\/baeredygtighed\/","og_site_name":"Curit","article_modified_time":"2026-03-30T09:35:56+00:00","og_image":[{"width":2048,"height":1365,"url":"https:\/\/curit.auxodev2.dk\/wp-content\/uploads\/Curit_stemning_dag2-091-scaled.jpg","type":"image\/jpeg"}],"twitter_card":"summary_large_image","twitter_misc":{"Estimated reading time":"2 minutes"},"schema":{"@context":"https:\/\/schema.org","@graph":[{"@type":"WebPage","@id":"https:\/\/curit.auxodev2.dk\/om-curit\/baeredygtighed\/","url":"https:\/\/curit.auxodev2.dk\/om-curit\/baeredygtighed\/","name":"B\u00e6redygtighed - Curit","isPartOf":{"@id":"https:\/\/curit.auxodev2.dk\/#website"},"primaryImageOfPage":{"@id":"https:\/\/curit.auxodev2.dk\/om-curit\/baeredygtighed\/#primaryimage"},"image":{"@id":"https:\/\/curit.auxodev2.dk\/om-curit\/baeredygtighed\/#primaryimage"},"thumbnailUrl":"https:\/\/curit.auxodev2.dk\/wp-content\/uploads\/Curit_stemning_dag2-091-scaled.jpg","datePublished":"2026-02-14T09:19:51+00:00","dateModified":"2026-03-30T09:35:56+00:00","breadcrumb":{"@id":"https:\/\/curit.auxodev2.dk\/om-curit\/baeredygtighed\/#breadcrumb"},"inLanguage":"en-GB","potentialAction":[{"@type":"ReadAction","target":["https:\/\/curit.auxodev2.dk\/om-curit\/baeredygtighed\/"]}]},{"@type":"ImageObject","inLanguage":"en-GB","@id":"https:\/\/curit.auxodev2.dk\/om-curit\/baeredygtighed\/#primaryimage","url":"https:\/\/curit.auxodev2.dk\/wp-content\/uploads\/Curit_stemning_dag2-091-scaled.jpg","contentUrl":"https:\/\/curit.auxodev2.dk\/wp-content\/uploads\/Curit_stemning_dag2-091-scaled.jpg"},{"@type":"BreadcrumbList","@id":"https:\/\/curit.auxodev2.dk\/om-curit\/baeredygtighed\/#breadcrumb","itemListElement":[{"@type":"ListItem","position":1,"name":"Om Curit","item":"https:\/\/curit.auxodev2.dk\/om-curit\/"},{"@type":"ListItem","position":2,"name":"B\u00e6redygtighed"}]},{"@type":"WebSite","@id":"https:\/\/curit.auxodev2.dk\/#website","url":"https:\/\/curit.auxodev2.dk\/","name":"Curit","description":"","publisher":{"@id":"https:\/\/curit.auxodev2.dk\/#organization"},"potentialAction":[{"@type":"SearchAction","target":{"@type":"EntryPoint","urlTemplate":"https:\/\/curit.auxodev2.dk\/?s={search_term_string}"},"query-input":{"@type":"PropertyValueSpecification","valueRequired":true,"valueName":"search_term_string"}}],"inLanguage":"en-GB"},{"@type":"Organization","@id":"https:\/\/curit.auxodev2.dk\/#organization","name":"Curit","url":"https:\/\/curit.auxodev2.dk\/","logo":{"@type":"ImageObject","inLanguage":"en-GB","@id":"https:\/\/curit.auxodev2.dk\/#\/schema\/logo\/image\/","url":"https:\/\/curit.auxodev2.dk\/wp-content\/uploads\/curit-logo-sort.svg","contentUrl":"https:\/\/curit.auxodev2.dk\/wp-content\/uploads\/curit-logo-sort.svg","width":272,"height":54,"caption":"Curit"},"image":{"@id":"https:\/\/curit.auxodev2.dk\/#\/schema\/logo\/image\/"}}]}},"_links":{"self":[{"href":"https:\/\/curit.auxodev2.dk\/en\/wp-json\/wp\/v2\/pages\/3451","targetHints":{"allow":["GET"]}}],"collection":[{"href":"https:\/\/curit.auxodev2.dk\/en\/wp-json\/wp\/v2\/pages"}],"about":[{"href":"https:\/\/curit.auxodev2.dk\/en\/wp-json\/wp\/v2\/types\/page"}],"author":[{"embeddable":true,"href":"https:\/\/curit.auxodev2.dk\/en\/wp-json\/wp\/v2\/users\/2"}],"replies":[{"embeddable":true,"href":"https:\/\/curit.auxodev2.dk\/en\/wp-json\/wp\/v2\/comments?post=3451"}],"version-history":[{"count":19,"href":"https:\/\/curit.auxodev2.dk\/en\/wp-json\/wp\/v2\/pages\/3451\/revisions"}],"predecessor-version":[{"id":4204,"href":"https:\/\/curit.auxodev2.dk\/en\/wp-json\/wp\/v2\/pages\/3451\/revisions\/4204"}],"up":[{"embeddable":true,"href":"https:\/\/curit.auxodev2.dk\/en\/wp-json\/wp\/v2\/pages\/1064"}],"wp:attachment":[{"href":"https:\/\/curit.auxodev2.dk\/en\/wp-json\/wp\/v2\/media?parent=3451"}],"curies":[{"name":"wp","href":"https:\/\/api.w.org\/{rel}","templated":true}]}}